{"id":5242,"date":"2026-01-06T15:05:48","date_gmt":"2026-01-06T07:05:48","guid":{"rendered":"https:\/\/luckyceramics.com\/?post_type=product&#038;p=5242"},"modified":"2026-01-16T16:37:00","modified_gmt":"2026-01-16T08:37:00","slug":"lcpp0052-hs-single-color-glazed-stoneware-ceramic-tableware-2","status":"publish","type":"product","link":"https:\/\/luckyceramics.com\/pt\/product\/lcpp0052-hs-single-color-glazed-stoneware-ceramic-tableware-2\/","title":{"rendered":"LCPP0052-HS Servi\u00e7o de mesa em cer\u00e2mica monocrom\u00e1tica de gr\u00e9s vidrado"},"content":{"rendered":"","protected":false},"excerpt":{"rendered":"<p>Detalhes do produto:<\/p>\n<p>Produto: Gr\u00e9s vidrado de uma s\u00f3 cor<\/p>\n<p>Material: Gr\u00e9s<\/p>\n<p>Tamanho:<\/p>\n<p>Dinner plate: 26.7CM<\/p>\n<p>Side plate: 23CM\u00a0 20.5CM<\/p>\n<p>Soup plate:16*6.5CM<\/p>\n<p>Bowl:13.8*7.7CM<\/p>\n<p>Rectangular plate:25*12.8*2CM<\/p>\n<p>Cup:9*11CM<\/p>\n<p>6.5*3.6CM<\/p>","protected":false},"featured_media":5243,"template":"","meta":[],"product_brand":[],"product_cat":[123],"product_tag":[],"class_list":{"0":"post-5242","1":"product","2":"type-product","3":"status-publish","4":"has-post-thumbnail","6":"product_cat-color-glazed","8":"first","9":"instock","10":"shipping-taxable","11":"product-type-simple"},"_links":{"self":[{"href":"https:\/\/luckyceramics.com\/pt\/wp-json\/wp\/v2\/product\/5242","targetHints":{"allow":["GET"]}}],"collection":[{"href":"https:\/\/luckyceramics.com\/pt\/wp-json\/wp\/v2\/product"}],"about":[{"href":"https:\/\/luckyceramics.com\/pt\/wp-json\/wp\/v2\/types\/product"}],"version-history":[{"count":3,"href":"https:\/\/luckyceramics.com\/pt\/wp-json\/wp\/v2\/product\/5242\/revisions"}],"predecessor-version":[{"id":5533,"href":"https:\/\/luckyceramics.com\/pt\/wp-json\/wp\/v2\/product\/5242\/revisions\/5533"}],"wp:featuredmedia":[{"embeddable":true,"href":"https:\/\/luckyceramics.com\/pt\/wp-json\/wp\/v2\/media\/5243"}],"wp:attachment":[{"href":"https:\/\/luckyceramics.com\/pt\/wp-json\/wp\/v2\/media?parent=5242"}],"wp:term":[{"taxonomy":"product_brand","embeddable":true,"href":"https:\/\/luckyceramics.com\/pt\/wp-json\/wp\/v2\/product_brand?post=5242"},{"taxonomy":"product_cat","embeddable":true,"href":"https:\/\/luckyceramics.com\/pt\/wp-json\/wp\/v2\/product_cat?post=5242"},{"taxonomy":"product_tag","embeddable":true,"href":"https:\/\/luckyceramics.com\/pt\/wp-json\/wp\/v2\/product_tag?post=5242"}],"curies":[{"name":"wp","href":"https:\/\/api.w.org\/{rel}","templated":true}]}}