{"id":5227,"date":"2026-01-06T15:02:54","date_gmt":"2026-01-06T07:02:54","guid":{"rendered":"https:\/\/luckyceramics.com\/?post_type=product&#038;p=5227"},"modified":"2026-01-16T16:30:51","modified_gmt":"2026-01-16T08:30:51","slug":"lcpp0052-hs-single-color-glazed-stoneware-ceramic-tableware","status":"publish","type":"product","link":"https:\/\/luckyceramics.com\/pt\/product\/lcpp0052-hs-single-color-glazed-stoneware-ceramic-tableware\/","title":{"rendered":"LCPP0051-HS Servi\u00e7o de mesa em cer\u00e2mica monocrom\u00e1tica de gr\u00e9s vidrado"},"content":{"rendered":"","protected":false},"excerpt":{"rendered":"<p>Detalhes do produto:<\/p>\n<p>Produto: Gr\u00e9s vidrado de uma s\u00f3 cor<\/p>\n<p>Material: Gr\u00e9s<\/p>\n<p>Tamanho:<\/p>\n<p>Dinner plate: 26.8CM<\/p>\n<p>Side plate: 20.9CM<\/p>\n<p>Soup plate:21.2*5.2CM<\/p>\n<p>Bowl:14.6*8CM<\/p>\n<p>Cup:9.5*10.6CM<\/p>","protected":false},"featured_media":5235,"template":"","meta":[],"product_brand":[],"product_cat":[123],"product_tag":[],"class_list":{"0":"post-5227","1":"product","2":"type-product","3":"status-publish","4":"has-post-thumbnail","6":"product_cat-color-glazed","8":"first","9":"instock","10":"shipping-taxable","11":"product-type-simple"},"_links":{"self":[{"href":"https:\/\/luckyceramics.com\/pt\/wp-json\/wp\/v2\/product\/5227","targetHints":{"allow":["GET"]}}],"collection":[{"href":"https:\/\/luckyceramics.com\/pt\/wp-json\/wp\/v2\/product"}],"about":[{"href":"https:\/\/luckyceramics.com\/pt\/wp-json\/wp\/v2\/types\/product"}],"version-history":[{"count":3,"href":"https:\/\/luckyceramics.com\/pt\/wp-json\/wp\/v2\/product\/5227\/revisions"}],"predecessor-version":[{"id":5496,"href":"https:\/\/luckyceramics.com\/pt\/wp-json\/wp\/v2\/product\/5227\/revisions\/5496"}],"wp:featuredmedia":[{"embeddable":true,"href":"https:\/\/luckyceramics.com\/pt\/wp-json\/wp\/v2\/media\/5235"}],"wp:attachment":[{"href":"https:\/\/luckyceramics.com\/pt\/wp-json\/wp\/v2\/media?parent=5227"}],"wp:term":[{"taxonomy":"product_brand","embeddable":true,"href":"https:\/\/luckyceramics.com\/pt\/wp-json\/wp\/v2\/product_brand?post=5227"},{"taxonomy":"product_cat","embeddable":true,"href":"https:\/\/luckyceramics.com\/pt\/wp-json\/wp\/v2\/product_cat?post=5227"},{"taxonomy":"product_tag","embeddable":true,"href":"https:\/\/luckyceramics.com\/pt\/wp-json\/wp\/v2\/product_tag?post=5227"}],"curies":[{"name":"wp","href":"https:\/\/api.w.org\/{rel}","templated":true}]}}