{"id":5202,"date":"2026-01-06T14:47:08","date_gmt":"2026-01-06T06:47:08","guid":{"rendered":"https:\/\/luckyceramics.com\/?post_type=product&#038;p=5202"},"modified":"2026-01-16T16:24:24","modified_gmt":"2026-01-16T08:24:24","slug":"lcpp0050-hs-loica-de-ceramica-em-gres-esmaltado-simples","status":"publish","type":"product","link":"https:\/\/luckyceramics.com\/pt\/product\/lcpp0050-hs-single-glazed-stoneware-ceramic-tableware\/","title":{"rendered":"LCPP0049-HS Servi\u00e7o de mesa em cer\u00e2mica monocrom\u00e1tica de gr\u00e9s vidrado"},"content":{"rendered":"","protected":false},"excerpt":{"rendered":"<p>Detalhes do produto:<\/p>\n<p>Produto: Gr\u00e9s vidrado de uma s\u00f3 cor<\/p>\n<p>Material: Gr\u00e9s<\/p>\n<p>Tamanho:<\/p>\n<p>Prato de jantar: 26CM<\/p>\n<p>Placa lateral: 20CM<\/p>\n<p>Ta\u00e7a:14*6,7CM<\/p>\n<p>Ch\u00e1vena:9*9,8CM<\/p>","protected":false},"featured_media":5203,"template":"","meta":[],"product_brand":[],"product_cat":[123],"product_tag":[],"class_list":{"0":"post-5202","1":"product","2":"type-product","3":"status-publish","4":"has-post-thumbnail","6":"product_cat-color-glazed","8":"first","9":"instock","10":"shipping-taxable","11":"product-type-simple"},"_links":{"self":[{"href":"https:\/\/luckyceramics.com\/pt\/wp-json\/wp\/v2\/product\/5202","targetHints":{"allow":["GET"]}}],"collection":[{"href":"https:\/\/luckyceramics.com\/pt\/wp-json\/wp\/v2\/product"}],"about":[{"href":"https:\/\/luckyceramics.com\/pt\/wp-json\/wp\/v2\/types\/product"}],"version-history":[{"count":4,"href":"https:\/\/luckyceramics.com\/pt\/wp-json\/wp\/v2\/product\/5202\/revisions"}],"predecessor-version":[{"id":5475,"href":"https:\/\/luckyceramics.com\/pt\/wp-json\/wp\/v2\/product\/5202\/revisions\/5475"}],"wp:featuredmedia":[{"embeddable":true,"href":"https:\/\/luckyceramics.com\/pt\/wp-json\/wp\/v2\/media\/5203"}],"wp:attachment":[{"href":"https:\/\/luckyceramics.com\/pt\/wp-json\/wp\/v2\/media?parent=5202"}],"wp:term":[{"taxonomy":"product_brand","embeddable":true,"href":"https:\/\/luckyceramics.com\/pt\/wp-json\/wp\/v2\/product_brand?post=5202"},{"taxonomy":"product_cat","embeddable":true,"href":"https:\/\/luckyceramics.com\/pt\/wp-json\/wp\/v2\/product_cat?post=5202"},{"taxonomy":"product_tag","embeddable":true,"href":"https:\/\/luckyceramics.com\/pt\/wp-json\/wp\/v2\/product_tag?post=5202"}],"curies":[{"name":"wp","href":"https:\/\/api.w.org\/{rel}","templated":true}]}}