{"id":4988,"date":"2025-12-31T16:54:35","date_gmt":"2025-12-31T08:54:35","guid":{"rendered":"https:\/\/luckyceramics.com\/?post_type=product&#038;p=4988"},"modified":"2026-01-15T17:20:59","modified_gmt":"2026-01-15T09:20:59","slug":"lcpp0108-louca-de-mesa-em-ceramica-com-tampografia-hs","status":"publish","type":"product","link":"https:\/\/luckyceramics.com\/pt\/product\/lcpp0108-hs-pad-printing-ceramic-tableware\/","title":{"rendered":"138FP0010 Impress\u00e3o por tampografia em lou\u00e7a de cer\u00e2mica"},"content":{"rendered":"<p><img fetchpriority=\"high\" decoding=\"async\" class=\"alignnone wp-image-5374 size-large\" src=\"https:\/\/luckyceramics.com\/wp-content\/uploads\/2025\/12\/IMG_4790-1-1024x673.jpg\" alt=\"\" width=\"800\" height=\"526\" srcset=\"https:\/\/luckyceramics.com\/wp-content\/uploads\/2025\/12\/IMG_4790-1-1024x673.jpg 1024w, https:\/\/luckyceramics.com\/wp-content\/uploads\/2025\/12\/IMG_4790-1-300x197.jpg 300w, https:\/\/luckyceramics.com\/wp-content\/uploads\/2025\/12\/IMG_4790-1-768x505.jpg 768w, https:\/\/luckyceramics.com\/wp-content\/uploads\/2025\/12\/IMG_4790-1-1536x1009.jpg 1536w, https:\/\/luckyceramics.com\/wp-content\/uploads\/2025\/12\/IMG_4790-1-2048x1346.jpg 2048w, https:\/\/luckyceramics.com\/wp-content\/uploads\/2025\/12\/IMG_4790-1-18x12.jpg 18w, https:\/\/luckyceramics.com\/wp-content\/uploads\/2025\/12\/IMG_4790-1-600x394.jpg 600w\" sizes=\"(max-width: 800px) 100vw, 800px\" \/> <img decoding=\"async\" class=\"alignnone wp-image-5375 size-large\" src=\"https:\/\/luckyceramics.com\/wp-content\/uploads\/2025\/12\/IMG_4791-1-1024x678.jpg\" alt=\"\" width=\"800\" height=\"530\" srcset=\"https:\/\/luckyceramics.com\/wp-content\/uploads\/2025\/12\/IMG_4791-1-1024x678.jpg 1024w, https:\/\/luckyceramics.com\/wp-content\/uploads\/2025\/12\/IMG_4791-1-300x199.jpg 300w, https:\/\/luckyceramics.com\/wp-content\/uploads\/2025\/12\/IMG_4791-1-768x509.jpg 768w, https:\/\/luckyceramics.com\/wp-content\/uploads\/2025\/12\/IMG_4791-1-1536x1018.jpg 1536w, https:\/\/luckyceramics.com\/wp-content\/uploads\/2025\/12\/IMG_4791-1-2048x1357.jpg 2048w, https:\/\/luckyceramics.com\/wp-content\/uploads\/2025\/12\/IMG_4791-1-18x12.jpg 18w, https:\/\/luckyceramics.com\/wp-content\/uploads\/2025\/12\/IMG_4791-1-600x397.jpg 600w\" sizes=\"(max-width: 800px) 100vw, 800px\" \/> <img decoding=\"async\" class=\"alignnone wp-image-5376 size-large\" src=\"https:\/\/luckyceramics.com\/wp-content\/uploads\/2025\/12\/IMG_4792-1-1024x666.jpg\" alt=\"\" width=\"800\" height=\"520\" srcset=\"https:\/\/luckyceramics.com\/wp-content\/uploads\/2025\/12\/IMG_4792-1-1024x666.jpg 1024w, https:\/\/luckyceramics.com\/wp-content\/uploads\/2025\/12\/IMG_4792-1-300x195.jpg 300w, https:\/\/luckyceramics.com\/wp-content\/uploads\/2025\/12\/IMG_4792-1-768x500.jpg 768w, https:\/\/luckyceramics.com\/wp-content\/uploads\/2025\/12\/IMG_4792-1-1536x999.jpg 1536w, https:\/\/luckyceramics.com\/wp-content\/uploads\/2025\/12\/IMG_4792-1-2048x1332.jpg 2048w, https:\/\/luckyceramics.com\/wp-content\/uploads\/2025\/12\/IMG_4792-1-18x12.jpg 18w, https:\/\/luckyceramics.com\/wp-content\/uploads\/2025\/12\/IMG_4792-1-600x390.jpg 600w\" sizes=\"(max-width: 800px) 100vw, 800px\" \/><\/p>","protected":false},"excerpt":{"rendered":"<p>Produto: Lou\u00e7a de cer\u00e2mica com impress\u00e3o em almofada<\/p>\n<p>Material: Porcelana<\/p>\n<p>10,5\u2033prato de jantar: 26,8*2,5cm<\/p>\n<p>Placa lateral de 7,5\u2033: 19*2cm<\/p>\n<p>Ta\u00e7a de 8\u201c: 20,5*4,5cm<\/p>\n<p>5.7\u2033bowl:14.5*7cm<\/p>","protected":false},"featured_media":5376,"template":"","meta":[],"product_brand":[],"product_cat":[116,50,52],"product_tag":[],"class_list":{"0":"post-4988","1":"product","2":"type-product","3":"status-publish","4":"has-post-thumbnail","6":"product_cat-pad-printing","7":"product_cat-tableware","8":"product_cat-porcelain-dinnerware","10":"first","11":"instock","12":"shipping-taxable","13":"product-type-simple"},"_links":{"self":[{"href":"https:\/\/luckyceramics.com\/pt\/wp-json\/wp\/v2\/product\/4988","targetHints":{"allow":["GET"]}}],"collection":[{"href":"https:\/\/luckyceramics.com\/pt\/wp-json\/wp\/v2\/product"}],"about":[{"href":"https:\/\/luckyceramics.com\/pt\/wp-json\/wp\/v2\/types\/product"}],"version-history":[{"count":4,"href":"https:\/\/luckyceramics.com\/pt\/wp-json\/wp\/v2\/product\/4988\/revisions"}],"predecessor-version":[{"id":5383,"href":"https:\/\/luckyceramics.com\/pt\/wp-json\/wp\/v2\/product\/4988\/revisions\/5383"}],"wp:featuredmedia":[{"embeddable":true,"href":"https:\/\/luckyceramics.com\/pt\/wp-json\/wp\/v2\/media\/5376"}],"wp:attachment":[{"href":"https:\/\/luckyceramics.com\/pt\/wp-json\/wp\/v2\/media?parent=4988"}],"wp:term":[{"taxonomy":"product_brand","embeddable":true,"href":"https:\/\/luckyceramics.com\/pt\/wp-json\/wp\/v2\/product_brand?post=4988"},{"taxonomy":"product_cat","embeddable":true,"href":"https:\/\/luckyceramics.com\/pt\/wp-json\/wp\/v2\/product_cat?post=4988"},{"taxonomy":"product_tag","embeddable":true,"href":"https:\/\/luckyceramics.com\/pt\/wp-json\/wp\/v2\/product_tag?post=4988"}],"curies":[{"name":"wp","href":"https:\/\/api.w.org\/{rel}","templated":true}]}}