{"id":4983,"date":"2025-12-31T16:49:58","date_gmt":"2025-12-31T08:49:58","guid":{"rendered":"https:\/\/luckyceramics.com\/?post_type=product&#038;p=4983"},"modified":"2026-01-15T17:17:43","modified_gmt":"2026-01-15T09:17:43","slug":"lcpp0107-artigos-de-mesa-em-ceramica-com-impressao-por-tampografia-hs","status":"publish","type":"product","link":"https:\/\/luckyceramics.com\/pt\/product\/lcpp0107-hs-pad-printing-ceramic-tableware\/","title":{"rendered":"138FP009 Impress\u00e3o por tampografia em lou\u00e7a de cer\u00e2mica"},"content":{"rendered":"<p><img fetchpriority=\"high\" decoding=\"async\" class=\"alignnone wp-image-5371 size-large\" src=\"https:\/\/luckyceramics.com\/wp-content\/uploads\/2025\/12\/IMG_4788-1-1024x682.jpg\" alt=\"\" width=\"800\" height=\"533\" srcset=\"https:\/\/luckyceramics.com\/wp-content\/uploads\/2025\/12\/IMG_4788-1-1024x682.jpg 1024w, https:\/\/luckyceramics.com\/wp-content\/uploads\/2025\/12\/IMG_4788-1-300x200.jpg 300w, https:\/\/luckyceramics.com\/wp-content\/uploads\/2025\/12\/IMG_4788-1-768x512.jpg 768w, https:\/\/luckyceramics.com\/wp-content\/uploads\/2025\/12\/IMG_4788-1-1536x1023.jpg 1536w, https:\/\/luckyceramics.com\/wp-content\/uploads\/2025\/12\/IMG_4788-1-2048x1364.jpg 2048w, https:\/\/luckyceramics.com\/wp-content\/uploads\/2025\/12\/IMG_4788-1-18x12.jpg 18w, https:\/\/luckyceramics.com\/wp-content\/uploads\/2025\/12\/IMG_4788-1-600x400.jpg 600w\" sizes=\"(max-width: 800px) 100vw, 800px\" \/> <img decoding=\"async\" class=\"alignnone wp-image-5370 size-large\" src=\"https:\/\/luckyceramics.com\/wp-content\/uploads\/2025\/12\/IMG_4787-1-1024x667.jpg\" alt=\"\" width=\"800\" height=\"521\" srcset=\"https:\/\/luckyceramics.com\/wp-content\/uploads\/2025\/12\/IMG_4787-1-1024x667.jpg 1024w, https:\/\/luckyceramics.com\/wp-content\/uploads\/2025\/12\/IMG_4787-1-300x195.jpg 300w, https:\/\/luckyceramics.com\/wp-content\/uploads\/2025\/12\/IMG_4787-1-768x500.jpg 768w, https:\/\/luckyceramics.com\/wp-content\/uploads\/2025\/12\/IMG_4787-1-1536x1000.jpg 1536w, https:\/\/luckyceramics.com\/wp-content\/uploads\/2025\/12\/IMG_4787-1-2048x1334.jpg 2048w, https:\/\/luckyceramics.com\/wp-content\/uploads\/2025\/12\/IMG_4787-1-18x12.jpg 18w, https:\/\/luckyceramics.com\/wp-content\/uploads\/2025\/12\/IMG_4787-1-600x391.jpg 600w\" sizes=\"(max-width: 800px) 100vw, 800px\" \/> <img decoding=\"async\" class=\"alignnone wp-image-5369 size-large\" src=\"https:\/\/luckyceramics.com\/wp-content\/uploads\/2025\/12\/IMG_4786-1-1024x714.jpg\" alt=\"\" width=\"800\" height=\"558\" srcset=\"https:\/\/luckyceramics.com\/wp-content\/uploads\/2025\/12\/IMG_4786-1-1024x714.jpg 1024w, https:\/\/luckyceramics.com\/wp-content\/uploads\/2025\/12\/IMG_4786-1-300x209.jpg 300w, https:\/\/luckyceramics.com\/wp-content\/uploads\/2025\/12\/IMG_4786-1-768x535.jpg 768w, https:\/\/luckyceramics.com\/wp-content\/uploads\/2025\/12\/IMG_4786-1-1536x1071.jpg 1536w, https:\/\/luckyceramics.com\/wp-content\/uploads\/2025\/12\/IMG_4786-1-2048x1428.jpg 2048w, https:\/\/luckyceramics.com\/wp-content\/uploads\/2025\/12\/IMG_4786-1-18x12.jpg 18w, https:\/\/luckyceramics.com\/wp-content\/uploads\/2025\/12\/IMG_4786-1-600x418.jpg 600w\" sizes=\"(max-width: 800px) 100vw, 800px\" \/><\/p>","protected":false},"excerpt":{"rendered":"<p>Produto: Lou\u00e7a de cer\u00e2mica com impress\u00e3o em almofada<\/p>\n<p>Material: Porcelana<\/p>\n<p>10,5\u2033prato de jantar: 26,8*2,5cm<\/p>\n<p>Placa lateral de 7,5\u2033: 19*2cm<\/p>\n<p>Ta\u00e7a de 8\u201c: 20,5*4,5cm<\/p>\n<p>5.7\u2033bowl:14.5*7cm<\/p>","protected":false},"featured_media":5371,"template":"","meta":[],"product_brand":[],"product_cat":[116,50,52],"product_tag":[],"class_list":{"0":"post-4983","1":"product","2":"type-product","3":"status-publish","4":"has-post-thumbnail","6":"product_cat-pad-printing","7":"product_cat-tableware","8":"product_cat-porcelain-dinnerware","10":"first","11":"instock","12":"shipping-taxable","13":"product-type-simple"},"_links":{"self":[{"href":"https:\/\/luckyceramics.com\/pt\/wp-json\/wp\/v2\/product\/4983","targetHints":{"allow":["GET"]}}],"collection":[{"href":"https:\/\/luckyceramics.com\/pt\/wp-json\/wp\/v2\/product"}],"about":[{"href":"https:\/\/luckyceramics.com\/pt\/wp-json\/wp\/v2\/types\/product"}],"version-history":[{"count":4,"href":"https:\/\/luckyceramics.com\/pt\/wp-json\/wp\/v2\/product\/4983\/revisions"}],"predecessor-version":[{"id":5373,"href":"https:\/\/luckyceramics.com\/pt\/wp-json\/wp\/v2\/product\/4983\/revisions\/5373"}],"wp:featuredmedia":[{"embeddable":true,"href":"https:\/\/luckyceramics.com\/pt\/wp-json\/wp\/v2\/media\/5371"}],"wp:attachment":[{"href":"https:\/\/luckyceramics.com\/pt\/wp-json\/wp\/v2\/media?parent=4983"}],"wp:term":[{"taxonomy":"product_brand","embeddable":true,"href":"https:\/\/luckyceramics.com\/pt\/wp-json\/wp\/v2\/product_brand?post=4983"},{"taxonomy":"product_cat","embeddable":true,"href":"https:\/\/luckyceramics.com\/pt\/wp-json\/wp\/v2\/product_cat?post=4983"},{"taxonomy":"product_tag","embeddable":true,"href":"https:\/\/luckyceramics.com\/pt\/wp-json\/wp\/v2\/product_tag?post=4983"}],"curies":[{"name":"wp","href":"https:\/\/api.w.org\/{rel}","templated":true}]}}