{"id":4978,"date":"2025-12-31T16:41:53","date_gmt":"2025-12-31T08:41:53","guid":{"rendered":"https:\/\/luckyceramics.com\/?post_type=product&#038;p=4978"},"modified":"2026-01-15T16:26:43","modified_gmt":"2026-01-15T08:26:43","slug":"138fp008-pad-printing-ceramic-tableware","status":"publish","type":"product","link":"https:\/\/luckyceramics.com\/pt\/product\/138fp008-pad-printing-ceramic-tableware\/","title":{"rendered":"138FP008 Impress\u00e3o por tampografia em lou\u00e7a de cer\u00e2mica"},"content":{"rendered":"<p><img fetchpriority=\"high\" decoding=\"async\" class=\"alignnone wp-image-5367 size-large\" src=\"https:\/\/luckyceramics.com\/wp-content\/uploads\/2025\/12\/IMG_4784-1-1024x659.jpg\" alt=\"\" width=\"800\" height=\"515\" srcset=\"https:\/\/luckyceramics.com\/wp-content\/uploads\/2025\/12\/IMG_4784-1-1024x659.jpg 1024w, https:\/\/luckyceramics.com\/wp-content\/uploads\/2025\/12\/IMG_4784-1-300x193.jpg 300w, https:\/\/luckyceramics.com\/wp-content\/uploads\/2025\/12\/IMG_4784-1-768x494.jpg 768w, https:\/\/luckyceramics.com\/wp-content\/uploads\/2025\/12\/IMG_4784-1-1536x988.jpg 1536w, https:\/\/luckyceramics.com\/wp-content\/uploads\/2025\/12\/IMG_4784-1-2048x1318.jpg 2048w, https:\/\/luckyceramics.com\/wp-content\/uploads\/2025\/12\/IMG_4784-1-18x12.jpg 18w, https:\/\/luckyceramics.com\/wp-content\/uploads\/2025\/12\/IMG_4784-1-600x386.jpg 600w\" sizes=\"(max-width: 800px) 100vw, 800px\" \/> <img decoding=\"async\" class=\"alignnone wp-image-5366 size-large\" src=\"https:\/\/luckyceramics.com\/wp-content\/uploads\/2025\/12\/IMG_4783-1-1024x640.jpg\" alt=\"\" width=\"800\" height=\"500\" srcset=\"https:\/\/luckyceramics.com\/wp-content\/uploads\/2025\/12\/IMG_4783-1-1024x640.jpg 1024w, https:\/\/luckyceramics.com\/wp-content\/uploads\/2025\/12\/IMG_4783-1-300x188.jpg 300w, https:\/\/luckyceramics.com\/wp-content\/uploads\/2025\/12\/IMG_4783-1-768x480.jpg 768w, https:\/\/luckyceramics.com\/wp-content\/uploads\/2025\/12\/IMG_4783-1-1536x960.jpg 1536w, https:\/\/luckyceramics.com\/wp-content\/uploads\/2025\/12\/IMG_4783-1-2048x1281.jpg 2048w, https:\/\/luckyceramics.com\/wp-content\/uploads\/2025\/12\/IMG_4783-1-18x12.jpg 18w, https:\/\/luckyceramics.com\/wp-content\/uploads\/2025\/12\/IMG_4783-1-600x375.jpg 600w\" sizes=\"(max-width: 800px) 100vw, 800px\" \/> <img decoding=\"async\" class=\"alignnone wp-image-5365 size-large\" src=\"https:\/\/luckyceramics.com\/wp-content\/uploads\/2025\/12\/IMG_4782-1-1024x676.jpg\" alt=\"\" width=\"800\" height=\"528\" srcset=\"https:\/\/luckyceramics.com\/wp-content\/uploads\/2025\/12\/IMG_4782-1-1024x676.jpg 1024w, https:\/\/luckyceramics.com\/wp-content\/uploads\/2025\/12\/IMG_4782-1-300x198.jpg 300w, https:\/\/luckyceramics.com\/wp-content\/uploads\/2025\/12\/IMG_4782-1-768x507.jpg 768w, https:\/\/luckyceramics.com\/wp-content\/uploads\/2025\/12\/IMG_4782-1-1536x1013.jpg 1536w, https:\/\/luckyceramics.com\/wp-content\/uploads\/2025\/12\/IMG_4782-1-2048x1351.jpg 2048w, https:\/\/luckyceramics.com\/wp-content\/uploads\/2025\/12\/IMG_4782-1-18x12.jpg 18w, https:\/\/luckyceramics.com\/wp-content\/uploads\/2025\/12\/IMG_4782-1-600x396.jpg 600w\" sizes=\"(max-width: 800px) 100vw, 800px\" \/><\/p>","protected":false},"excerpt":{"rendered":"<p>Produto: Lou\u00e7a de cer\u00e2mica com impress\u00e3o em almofada<\/p>\n<p>Material: Porcelana<\/p>\n<p>10.5&#8243;dinner plate: 26.7*2.3cm<\/p>\n<p>7,5\u2033prato lateral: 19,2*2cm<\/p>\n<p>8\u201cbowl: 20.2*4.5cm<\/p>\n<p>6&#8243;bowl:17.7*5.7cm<\/p>","protected":false},"featured_media":5367,"template":"","meta":[],"product_brand":[],"product_cat":[116,50,52],"product_tag":[],"class_list":{"0":"post-4978","1":"product","2":"type-product","3":"status-publish","4":"has-post-thumbnail","6":"product_cat-pad-printing","7":"product_cat-tableware","8":"product_cat-porcelain-dinnerware","10":"first","11":"instock","12":"shipping-taxable","13":"product-type-simple"},"_links":{"self":[{"href":"https:\/\/luckyceramics.com\/pt\/wp-json\/wp\/v2\/product\/4978","targetHints":{"allow":["GET"]}}],"collection":[{"href":"https:\/\/luckyceramics.com\/pt\/wp-json\/wp\/v2\/product"}],"about":[{"href":"https:\/\/luckyceramics.com\/pt\/wp-json\/wp\/v2\/types\/product"}],"version-history":[{"count":6,"href":"https:\/\/luckyceramics.com\/pt\/wp-json\/wp\/v2\/product\/4978\/revisions"}],"predecessor-version":[{"id":5368,"href":"https:\/\/luckyceramics.com\/pt\/wp-json\/wp\/v2\/product\/4978\/revisions\/5368"}],"wp:featuredmedia":[{"embeddable":true,"href":"https:\/\/luckyceramics.com\/pt\/wp-json\/wp\/v2\/media\/5367"}],"wp:attachment":[{"href":"https:\/\/luckyceramics.com\/pt\/wp-json\/wp\/v2\/media?parent=4978"}],"wp:term":[{"taxonomy":"product_brand","embeddable":true,"href":"https:\/\/luckyceramics.com\/pt\/wp-json\/wp\/v2\/product_brand?post=4978"},{"taxonomy":"product_cat","embeddable":true,"href":"https:\/\/luckyceramics.com\/pt\/wp-json\/wp\/v2\/product_cat?post=4978"},{"taxonomy":"product_tag","embeddable":true,"href":"https:\/\/luckyceramics.com\/pt\/wp-json\/wp\/v2\/product_tag?post=4978"}],"curies":[{"name":"wp","href":"https:\/\/api.w.org\/{rel}","templated":true}]}}