{"id":4957,"date":"2025-12-31T14:48:09","date_gmt":"2025-12-31T06:48:09","guid":{"rendered":"https:\/\/luckyceramics.com\/?post_type=product&#038;p=4957"},"modified":"2026-01-15T15:40:14","modified_gmt":"2026-01-15T07:40:14","slug":"138fp005-pad-printing-ceramic-tableware","status":"publish","type":"product","link":"https:\/\/luckyceramics.com\/pt\/product\/138fp005-pad-printing-ceramic-tableware\/","title":{"rendered":"138FP005 Impress\u00e3o por tampografia em lou\u00e7a de cer\u00e2mica"},"content":{"rendered":"<p><img fetchpriority=\"high\" decoding=\"async\" class=\"alignnone wp-image-5347 size-large\" src=\"https:\/\/luckyceramics.com\/wp-content\/uploads\/2025\/12\/IMG_4770-1-1024x695.jpg\" alt=\"\" width=\"800\" height=\"543\" srcset=\"https:\/\/luckyceramics.com\/wp-content\/uploads\/2025\/12\/IMG_4770-1-1024x695.jpg 1024w, https:\/\/luckyceramics.com\/wp-content\/uploads\/2025\/12\/IMG_4770-1-300x204.jpg 300w, https:\/\/luckyceramics.com\/wp-content\/uploads\/2025\/12\/IMG_4770-1-768x521.jpg 768w, https:\/\/luckyceramics.com\/wp-content\/uploads\/2025\/12\/IMG_4770-1-1536x1043.jpg 1536w, https:\/\/luckyceramics.com\/wp-content\/uploads\/2025\/12\/IMG_4770-1-2048x1390.jpg 2048w, https:\/\/luckyceramics.com\/wp-content\/uploads\/2025\/12\/IMG_4770-1-18x12.jpg 18w, https:\/\/luckyceramics.com\/wp-content\/uploads\/2025\/12\/IMG_4770-1-600x407.jpg 600w\" sizes=\"(max-width: 800px) 100vw, 800px\" \/> <img decoding=\"async\" class=\"alignnone wp-image-5348 size-large\" src=\"https:\/\/luckyceramics.com\/wp-content\/uploads\/2025\/12\/IMG_4771-1024x657.jpg\" alt=\"\" width=\"800\" height=\"513\" srcset=\"https:\/\/luckyceramics.com\/wp-content\/uploads\/2025\/12\/IMG_4771-1024x657.jpg 1024w, https:\/\/luckyceramics.com\/wp-content\/uploads\/2025\/12\/IMG_4771-300x193.jpg 300w, https:\/\/luckyceramics.com\/wp-content\/uploads\/2025\/12\/IMG_4771-768x493.jpg 768w, https:\/\/luckyceramics.com\/wp-content\/uploads\/2025\/12\/IMG_4771-1536x986.jpg 1536w, https:\/\/luckyceramics.com\/wp-content\/uploads\/2025\/12\/IMG_4771-2048x1315.jpg 2048w, https:\/\/luckyceramics.com\/wp-content\/uploads\/2025\/12\/IMG_4771-18x12.jpg 18w, https:\/\/luckyceramics.com\/wp-content\/uploads\/2025\/12\/IMG_4771-600x385.jpg 600w\" sizes=\"(max-width: 800px) 100vw, 800px\" \/> <img decoding=\"async\" class=\"alignnone wp-image-5349 size-large\" src=\"https:\/\/luckyceramics.com\/wp-content\/uploads\/2025\/12\/IMG_4772-1-1024x620.jpg\" alt=\"\" width=\"800\" height=\"484\" srcset=\"https:\/\/luckyceramics.com\/wp-content\/uploads\/2025\/12\/IMG_4772-1-1024x620.jpg 1024w, https:\/\/luckyceramics.com\/wp-content\/uploads\/2025\/12\/IMG_4772-1-300x182.jpg 300w, https:\/\/luckyceramics.com\/wp-content\/uploads\/2025\/12\/IMG_4772-1-768x465.jpg 768w, https:\/\/luckyceramics.com\/wp-content\/uploads\/2025\/12\/IMG_4772-1-1536x930.jpg 1536w, https:\/\/luckyceramics.com\/wp-content\/uploads\/2025\/12\/IMG_4772-1-2048x1239.jpg 2048w, https:\/\/luckyceramics.com\/wp-content\/uploads\/2025\/12\/IMG_4772-1-18x12.jpg 18w, https:\/\/luckyceramics.com\/wp-content\/uploads\/2025\/12\/IMG_4772-1-600x363.jpg 600w\" sizes=\"(max-width: 800px) 100vw, 800px\" \/><\/p>","protected":false},"excerpt":{"rendered":"<p>Produto: Lou\u00e7a de cer\u00e2mica com impress\u00e3o em almofada<\/p>\n<p>Material: Porcelana<\/p>\n<p>10,5\u2033prato de jantar: 26,7*2,7cm<\/p>\n<p>7,5\u2033prato lateral: 19,5*2,2cm<\/p>\n<p>Ta\u00e7a de 8\u201c: 20,2*5,7cm<\/p>\n<p>6\u2033tigela: 15,5*5,7cm<\/p>","protected":false},"featured_media":5349,"template":"","meta":[],"product_brand":[],"product_cat":[116,50,52],"product_tag":[],"class_list":{"0":"post-4957","1":"product","2":"type-product","3":"status-publish","4":"has-post-thumbnail","6":"product_cat-pad-printing","7":"product_cat-tableware","8":"product_cat-porcelain-dinnerware","10":"first","11":"instock","12":"shipping-taxable","13":"product-type-simple"},"_links":{"self":[{"href":"https:\/\/luckyceramics.com\/pt\/wp-json\/wp\/v2\/product\/4957","targetHints":{"allow":["GET"]}}],"collection":[{"href":"https:\/\/luckyceramics.com\/pt\/wp-json\/wp\/v2\/product"}],"about":[{"href":"https:\/\/luckyceramics.com\/pt\/wp-json\/wp\/v2\/types\/product"}],"version-history":[{"count":6,"href":"https:\/\/luckyceramics.com\/pt\/wp-json\/wp\/v2\/product\/4957\/revisions"}],"predecessor-version":[{"id":5359,"href":"https:\/\/luckyceramics.com\/pt\/wp-json\/wp\/v2\/product\/4957\/revisions\/5359"}],"wp:featuredmedia":[{"embeddable":true,"href":"https:\/\/luckyceramics.com\/pt\/wp-json\/wp\/v2\/media\/5349"}],"wp:attachment":[{"href":"https:\/\/luckyceramics.com\/pt\/wp-json\/wp\/v2\/media?parent=4957"}],"wp:term":[{"taxonomy":"product_brand","embeddable":true,"href":"https:\/\/luckyceramics.com\/pt\/wp-json\/wp\/v2\/product_brand?post=4957"},{"taxonomy":"product_cat","embeddable":true,"href":"https:\/\/luckyceramics.com\/pt\/wp-json\/wp\/v2\/product_cat?post=4957"},{"taxonomy":"product_tag","embeddable":true,"href":"https:\/\/luckyceramics.com\/pt\/wp-json\/wp\/v2\/product_tag?post=4957"}],"curies":[{"name":"wp","href":"https:\/\/api.w.org\/{rel}","templated":true}]}}