{"id":4931,"date":"2025-12-31T14:20:43","date_gmt":"2025-12-31T06:20:43","guid":{"rendered":"https:\/\/luckyceramics.com\/?post_type=product&#038;p=4931"},"modified":"2026-01-15T15:38:42","modified_gmt":"2026-01-15T07:38:42","slug":"lcpp0100-hs-almofada-de-impressao-para-loica-de-ceramica","status":"publish","type":"product","link":"https:\/\/luckyceramics.com\/pt\/product\/lcpp0100-hs-pad-printing-ceramic-tableware\/","title":{"rendered":"138FP001 Impress\u00e3o por tampografia em lou\u00e7a de cer\u00e2mica"},"content":{"rendered":"<p><img fetchpriority=\"high\" decoding=\"async\" class=\"alignnone wp-image-5322 size-large\" src=\"https:\/\/luckyceramics.com\/wp-content\/uploads\/2025\/12\/IMG_4755-1-1024x686.jpg\" alt=\"\" width=\"800\" height=\"536\" srcset=\"https:\/\/luckyceramics.com\/wp-content\/uploads\/2025\/12\/IMG_4755-1-1024x686.jpg 1024w, https:\/\/luckyceramics.com\/wp-content\/uploads\/2025\/12\/IMG_4755-1-300x201.jpg 300w, https:\/\/luckyceramics.com\/wp-content\/uploads\/2025\/12\/IMG_4755-1-768x515.jpg 768w, https:\/\/luckyceramics.com\/wp-content\/uploads\/2025\/12\/IMG_4755-1-1536x1029.jpg 1536w, https:\/\/luckyceramics.com\/wp-content\/uploads\/2025\/12\/IMG_4755-1-2048x1372.jpg 2048w, https:\/\/luckyceramics.com\/wp-content\/uploads\/2025\/12\/IMG_4755-1-18x12.jpg 18w, https:\/\/luckyceramics.com\/wp-content\/uploads\/2025\/12\/IMG_4755-1-600x402.jpg 600w\" sizes=\"(max-width: 800px) 100vw, 800px\" \/>\u00a0<img decoding=\"async\" class=\"alignnone wp-image-5323 size-large\" src=\"https:\/\/luckyceramics.com\/wp-content\/uploads\/2025\/12\/IMG_4756-1024x702.jpg\" alt=\"\" width=\"800\" height=\"548\" srcset=\"https:\/\/luckyceramics.com\/wp-content\/uploads\/2025\/12\/IMG_4756-1024x702.jpg 1024w, https:\/\/luckyceramics.com\/wp-content\/uploads\/2025\/12\/IMG_4756-300x206.jpg 300w, https:\/\/luckyceramics.com\/wp-content\/uploads\/2025\/12\/IMG_4756-768x527.jpg 768w, https:\/\/luckyceramics.com\/wp-content\/uploads\/2025\/12\/IMG_4756-1536x1054.jpg 1536w, https:\/\/luckyceramics.com\/wp-content\/uploads\/2025\/12\/IMG_4756-2048x1405.jpg 2048w, https:\/\/luckyceramics.com\/wp-content\/uploads\/2025\/12\/IMG_4756-18x12.jpg 18w, https:\/\/luckyceramics.com\/wp-content\/uploads\/2025\/12\/IMG_4756-600x412.jpg 600w\" sizes=\"(max-width: 800px) 100vw, 800px\" \/> <img decoding=\"async\" class=\"alignnone wp-image-5324 size-large\" src=\"https:\/\/luckyceramics.com\/wp-content\/uploads\/2025\/12\/IMG_4757-1-1024x635.jpg\" alt=\"\" width=\"800\" height=\"496\" srcset=\"https:\/\/luckyceramics.com\/wp-content\/uploads\/2025\/12\/IMG_4757-1-1024x635.jpg 1024w, https:\/\/luckyceramics.com\/wp-content\/uploads\/2025\/12\/IMG_4757-1-300x186.jpg 300w, https:\/\/luckyceramics.com\/wp-content\/uploads\/2025\/12\/IMG_4757-1-768x476.jpg 768w, https:\/\/luckyceramics.com\/wp-content\/uploads\/2025\/12\/IMG_4757-1-1536x953.jpg 1536w, https:\/\/luckyceramics.com\/wp-content\/uploads\/2025\/12\/IMG_4757-1-2048x1271.jpg 2048w, https:\/\/luckyceramics.com\/wp-content\/uploads\/2025\/12\/IMG_4757-1-18x12.jpg 18w, https:\/\/luckyceramics.com\/wp-content\/uploads\/2025\/12\/IMG_4757-1-600x372.jpg 600w\" sizes=\"(max-width: 800px) 100vw, 800px\" \/><\/p>","protected":false},"excerpt":{"rendered":"<p>Produto: Lou\u00e7a de cer\u00e2mica com impress\u00e3o em almofada<\/p>\n<p>Material: Porcelana<\/p>\n<p>10,5\u2033prato de jantar: 26,7*2,7cm<\/p>\n<p>7,5\u2033prato lateral: 19,5*2,2cm<\/p>\n<p>Ta\u00e7a de 8\u201c: 20,2*5,7cm<\/p>\n<p>6\u2033tigela: 15,5*5,7cm<\/p>","protected":false},"featured_media":5324,"template":"","meta":[],"product_brand":[],"product_cat":[116,50,52],"product_tag":[],"class_list":{"0":"post-4931","1":"product","2":"type-product","3":"status-publish","4":"has-post-thumbnail","6":"product_cat-pad-printing","7":"product_cat-tableware","8":"product_cat-porcelain-dinnerware","10":"first","11":"instock","12":"shipping-taxable","13":"product-type-simple"},"_links":{"self":[{"href":"https:\/\/luckyceramics.com\/pt\/wp-json\/wp\/v2\/product\/4931","targetHints":{"allow":["GET"]}}],"collection":[{"href":"https:\/\/luckyceramics.com\/pt\/wp-json\/wp\/v2\/product"}],"about":[{"href":"https:\/\/luckyceramics.com\/pt\/wp-json\/wp\/v2\/types\/product"}],"version-history":[{"count":12,"href":"https:\/\/luckyceramics.com\/pt\/wp-json\/wp\/v2\/product\/4931\/revisions"}],"predecessor-version":[{"id":5356,"href":"https:\/\/luckyceramics.com\/pt\/wp-json\/wp\/v2\/product\/4931\/revisions\/5356"}],"wp:featuredmedia":[{"embeddable":true,"href":"https:\/\/luckyceramics.com\/pt\/wp-json\/wp\/v2\/media\/5324"}],"wp:attachment":[{"href":"https:\/\/luckyceramics.com\/pt\/wp-json\/wp\/v2\/media?parent=4931"}],"wp:term":[{"taxonomy":"product_brand","embeddable":true,"href":"https:\/\/luckyceramics.com\/pt\/wp-json\/wp\/v2\/product_brand?post=4931"},{"taxonomy":"product_cat","embeddable":true,"href":"https:\/\/luckyceramics.com\/pt\/wp-json\/wp\/v2\/product_cat?post=4931"},{"taxonomy":"product_tag","embeddable":true,"href":"https:\/\/luckyceramics.com\/pt\/wp-json\/wp\/v2\/product_tag?post=4931"}],"curies":[{"name":"wp","href":"https:\/\/api.w.org\/{rel}","templated":true}]}}