{"id":4844,"date":"2025-12-31T09:57:59","date_gmt":"2025-12-31T01:57:59","guid":{"rendered":"https:\/\/luckyceramics.com\/?post_type=product&#038;p=4844"},"modified":"2025-12-31T14:41:32","modified_gmt":"2025-12-31T06:41:32","slug":"lcpp0035-artigos-de-mesa-em-ceramica-com-tampografia-hs","status":"publish","type":"product","link":"https:\/\/luckyceramics.com\/pt\/product\/lcpp0035-hs-pad-printing-ceramic-tableware\/","title":{"rendered":"LCPP0037-HS Impress\u00e3o por tampografia em lou\u00e7a de cer\u00e2mica"},"content":{"rendered":"<p><img fetchpriority=\"high\" decoding=\"async\" class=\"alignnone wp-image-4845 size-large\" src=\"https:\/\/luckyceramics.com\/wp-content\/uploads\/2025\/12\/IMG_9940-1024x683.webp\" alt=\"\" width=\"800\" height=\"534\" srcset=\"https:\/\/luckyceramics.com\/wp-content\/uploads\/2025\/12\/IMG_9940-1024x683.webp 1024w, https:\/\/luckyceramics.com\/wp-content\/uploads\/2025\/12\/IMG_9940-300x200.webp 300w, https:\/\/luckyceramics.com\/wp-content\/uploads\/2025\/12\/IMG_9940-768x512.webp 768w, https:\/\/luckyceramics.com\/wp-content\/uploads\/2025\/12\/IMG_9940-1536x1024.webp 1536w, https:\/\/luckyceramics.com\/wp-content\/uploads\/2025\/12\/IMG_9940-2048x1365.webp 2048w, https:\/\/luckyceramics.com\/wp-content\/uploads\/2025\/12\/IMG_9940-18x12.webp 18w, https:\/\/luckyceramics.com\/wp-content\/uploads\/2025\/12\/IMG_9940-600x400.webp 600w\" sizes=\"(max-width: 800px) 100vw, 800px\" \/><\/p>","protected":false},"excerpt":{"rendered":"","protected":false},"featured_media":4845,"template":"","meta":[],"product_brand":[],"product_cat":[116,50,52],"product_tag":[],"class_list":{"0":"post-4844","1":"product","2":"type-product","3":"status-publish","4":"has-post-thumbnail","6":"product_cat-pad-printing","7":"product_cat-tableware","8":"product_cat-porcelain-dinnerware","10":"first","11":"instock","12":"shipping-taxable","13":"product-type-simple"},"_links":{"self":[{"href":"https:\/\/luckyceramics.com\/pt\/wp-json\/wp\/v2\/product\/4844","targetHints":{"allow":["GET"]}}],"collection":[{"href":"https:\/\/luckyceramics.com\/pt\/wp-json\/wp\/v2\/product"}],"about":[{"href":"https:\/\/luckyceramics.com\/pt\/wp-json\/wp\/v2\/types\/product"}],"version-history":[{"count":3,"href":"https:\/\/luckyceramics.com\/pt\/wp-json\/wp\/v2\/product\/4844\/revisions"}],"predecessor-version":[{"id":4930,"href":"https:\/\/luckyceramics.com\/pt\/wp-json\/wp\/v2\/product\/4844\/revisions\/4930"}],"wp:featuredmedia":[{"embeddable":true,"href":"https:\/\/luckyceramics.com\/pt\/wp-json\/wp\/v2\/media\/4845"}],"wp:attachment":[{"href":"https:\/\/luckyceramics.com\/pt\/wp-json\/wp\/v2\/media?parent=4844"}],"wp:term":[{"taxonomy":"product_brand","embeddable":true,"href":"https:\/\/luckyceramics.com\/pt\/wp-json\/wp\/v2\/product_brand?post=4844"},{"taxonomy":"product_cat","embeddable":true,"href":"https:\/\/luckyceramics.com\/pt\/wp-json\/wp\/v2\/product_cat?post=4844"},{"taxonomy":"product_tag","embeddable":true,"href":"https:\/\/luckyceramics.com\/pt\/wp-json\/wp\/v2\/product_tag?post=4844"}],"curies":[{"name":"wp","href":"https:\/\/api.w.org\/{rel}","templated":true}]}}