{"id":4833,"date":"2025-12-31T09:41:51","date_gmt":"2025-12-31T01:41:51","guid":{"rendered":"https:\/\/luckyceramics.com\/?post_type=product&#038;p=4833"},"modified":"2025-12-31T14:41:20","modified_gmt":"2025-12-31T06:41:20","slug":"lcpp0034-artigos-de-mesa-em-ceramica-para-impressao-por-tampografia","status":"publish","type":"product","link":"https:\/\/luckyceramics.com\/pt\/product\/lcpp0034-hs-pad-printing-ceramic-tableware\/","title":{"rendered":"LCPP0036-HS Impress\u00e3o por tampografia em lou\u00e7a de cer\u00e2mica"},"content":{"rendered":"<p><img fetchpriority=\"high\" decoding=\"async\" class=\"alignnone wp-image-4834 size-large\" src=\"https:\/\/luckyceramics.com\/wp-content\/uploads\/2025\/12\/IMG_9944-1024x645.webp\" alt=\"\" width=\"800\" height=\"504\" srcset=\"https:\/\/luckyceramics.com\/wp-content\/uploads\/2025\/12\/IMG_9944-1024x645.webp 1024w, https:\/\/luckyceramics.com\/wp-content\/uploads\/2025\/12\/IMG_9944-300x189.webp 300w, https:\/\/luckyceramics.com\/wp-content\/uploads\/2025\/12\/IMG_9944-768x484.webp 768w, https:\/\/luckyceramics.com\/wp-content\/uploads\/2025\/12\/IMG_9944-1536x967.webp 1536w, https:\/\/luckyceramics.com\/wp-content\/uploads\/2025\/12\/IMG_9944-2048x1289.webp 2048w, https:\/\/luckyceramics.com\/wp-content\/uploads\/2025\/12\/IMG_9944-18x12.webp 18w, https:\/\/luckyceramics.com\/wp-content\/uploads\/2025\/12\/IMG_9944-600x378.webp 600w\" sizes=\"(max-width: 800px) 100vw, 800px\" \/><\/p>","protected":false},"excerpt":{"rendered":"","protected":false},"featured_media":4834,"template":"","meta":[],"product_brand":[],"product_cat":[116,50,52],"product_tag":[],"class_list":{"0":"post-4833","1":"product","2":"type-product","3":"status-publish","4":"has-post-thumbnail","6":"product_cat-pad-printing","7":"product_cat-tableware","8":"product_cat-porcelain-dinnerware","10":"first","11":"instock","12":"shipping-taxable","13":"product-type-simple"},"_links":{"self":[{"href":"https:\/\/luckyceramics.com\/pt\/wp-json\/wp\/v2\/product\/4833","targetHints":{"allow":["GET"]}}],"collection":[{"href":"https:\/\/luckyceramics.com\/pt\/wp-json\/wp\/v2\/product"}],"about":[{"href":"https:\/\/luckyceramics.com\/pt\/wp-json\/wp\/v2\/types\/product"}],"version-history":[{"count":2,"href":"https:\/\/luckyceramics.com\/pt\/wp-json\/wp\/v2\/product\/4833\/revisions"}],"predecessor-version":[{"id":4927,"href":"https:\/\/luckyceramics.com\/pt\/wp-json\/wp\/v2\/product\/4833\/revisions\/4927"}],"wp:featuredmedia":[{"embeddable":true,"href":"https:\/\/luckyceramics.com\/pt\/wp-json\/wp\/v2\/media\/4834"}],"wp:attachment":[{"href":"https:\/\/luckyceramics.com\/pt\/wp-json\/wp\/v2\/media?parent=4833"}],"wp:term":[{"taxonomy":"product_brand","embeddable":true,"href":"https:\/\/luckyceramics.com\/pt\/wp-json\/wp\/v2\/product_brand?post=4833"},{"taxonomy":"product_cat","embeddable":true,"href":"https:\/\/luckyceramics.com\/pt\/wp-json\/wp\/v2\/product_cat?post=4833"},{"taxonomy":"product_tag","embeddable":true,"href":"https:\/\/luckyceramics.com\/pt\/wp-json\/wp\/v2\/product_tag?post=4833"}],"curies":[{"name":"wp","href":"https:\/\/api.w.org\/{rel}","templated":true}]}}