{"id":3818,"date":"2025-11-10T17:58:45","date_gmt":"2025-11-10T09:58:45","guid":{"rendered":"https:\/\/luckyceramics.com\/?post_type=product&#038;p=3818"},"modified":"2025-11-10T17:59:26","modified_gmt":"2025-11-10T09:59:26","slug":"lcpp0006-impressao-por-tampografia-em-louca-de-ceramica","status":"publish","type":"product","link":"https:\/\/luckyceramics.com\/pt\/product\/lcpp0006-hy-pad-printing-ceramic-tableware\/","title":{"rendered":"LCPP0006-HY Impress\u00e3o por tampografia em lou\u00e7a de cer\u00e2mica"},"content":{"rendered":"<p><img fetchpriority=\"high\" decoding=\"async\" class=\"alignnone wp-image-3790 size-full\" src=\"https:\/\/luckyceramics.com\/wp-content\/uploads\/2025\/11\/LCPP0006-HY02.jpg\" alt=\"\" width=\"1279\" height=\"905\" srcset=\"https:\/\/luckyceramics.com\/wp-content\/uploads\/2025\/11\/LCPP0006-HY02.jpg 1279w, https:\/\/luckyceramics.com\/wp-content\/uploads\/2025\/11\/LCPP0006-HY02-300x212.jpg 300w, https:\/\/luckyceramics.com\/wp-content\/uploads\/2025\/11\/LCPP0006-HY02-1024x725.jpg 1024w, https:\/\/luckyceramics.com\/wp-content\/uploads\/2025\/11\/LCPP0006-HY02-768x543.jpg 768w, https:\/\/luckyceramics.com\/wp-content\/uploads\/2025\/11\/LCPP0006-HY02-600x425.jpg 600w\" sizes=\"(max-width: 1279px) 100vw, 1279px\" \/><\/p>","protected":false},"excerpt":{"rendered":"","protected":false},"featured_media":3789,"template":"","meta":[],"product_brand":[],"product_cat":[50,52],"product_tag":[],"class_list":{"0":"post-3818","1":"product","2":"type-product","3":"status-publish","4":"has-post-thumbnail","6":"product_cat-tableware","7":"product_cat-porcelain-dinnerware","8":"pa_finishing-pad-printing","10":"first","11":"instock","12":"shipping-taxable","13":"product-type-simple"},"_links":{"self":[{"href":"https:\/\/luckyceramics.com\/pt\/wp-json\/wp\/v2\/product\/3818","targetHints":{"allow":["GET"]}}],"collection":[{"href":"https:\/\/luckyceramics.com\/pt\/wp-json\/wp\/v2\/product"}],"about":[{"href":"https:\/\/luckyceramics.com\/pt\/wp-json\/wp\/v2\/types\/product"}],"version-history":[{"count":1,"href":"https:\/\/luckyceramics.com\/pt\/wp-json\/wp\/v2\/product\/3818\/revisions"}],"predecessor-version":[{"id":3819,"href":"https:\/\/luckyceramics.com\/pt\/wp-json\/wp\/v2\/product\/3818\/revisions\/3819"}],"wp:featuredmedia":[{"embeddable":true,"href":"https:\/\/luckyceramics.com\/pt\/wp-json\/wp\/v2\/media\/3789"}],"wp:attachment":[{"href":"https:\/\/luckyceramics.com\/pt\/wp-json\/wp\/v2\/media?parent=3818"}],"wp:term":[{"taxonomy":"product_brand","embeddable":true,"href":"https:\/\/luckyceramics.com\/pt\/wp-json\/wp\/v2\/product_brand?post=3818"},{"taxonomy":"product_cat","embeddable":true,"href":"https:\/\/luckyceramics.com\/pt\/wp-json\/wp\/v2\/product_cat?post=3818"},{"taxonomy":"product_tag","embeddable":true,"href":"https:\/\/luckyceramics.com\/pt\/wp-json\/wp\/v2\/product_tag?post=3818"}],"curies":[{"name":"wp","href":"https:\/\/api.w.org\/{rel}","templated":true}]}}