{"id":5289,"date":"2026-01-06T16:06:20","date_gmt":"2026-01-06T08:06:20","guid":{"rendered":"https:\/\/luckyceramics.com\/?post_type=product&#038;p=5289"},"modified":"2026-01-16T17:34:27","modified_gmt":"2026-01-16T09:34:27","slug":"138fp0033-vaisselle-en-ceramique-emaillee-reactive","status":"publish","type":"product","link":"https:\/\/luckyceramics.com\/fr\/product\/138fp0033-reactive-glazed-ceramic-tableware\/","title":{"rendered":"138FP0033-Vaisselle en c\u00e9ramique \u00e9maill\u00e9e r\u00e9active"},"content":{"rendered":"<p><img fetchpriority=\"high\" decoding=\"async\" class=\"alignnone wp-image-5290 size-large\" src=\"https:\/\/luckyceramics.com\/wp-content\/uploads\/2026\/01\/IMG_4873-1024x683.jpg\" alt=\"\" width=\"800\" height=\"534\" srcset=\"https:\/\/luckyceramics.com\/wp-content\/uploads\/2026\/01\/IMG_4873-1024x683.jpg 1024w, https:\/\/luckyceramics.com\/wp-content\/uploads\/2026\/01\/IMG_4873-300x200.jpg 300w, https:\/\/luckyceramics.com\/wp-content\/uploads\/2026\/01\/IMG_4873-768x512.jpg 768w, https:\/\/luckyceramics.com\/wp-content\/uploads\/2026\/01\/IMG_4873-1536x1024.jpg 1536w, https:\/\/luckyceramics.com\/wp-content\/uploads\/2026\/01\/IMG_4873-2048x1365.jpg 2048w, https:\/\/luckyceramics.com\/wp-content\/uploads\/2026\/01\/IMG_4873-18x12.jpg 18w, https:\/\/luckyceramics.com\/wp-content\/uploads\/2026\/01\/IMG_4873-600x400.jpg 600w\" sizes=\"(max-width: 800px) 100vw, 800px\" \/> <img decoding=\"async\" class=\"alignnone wp-image-5291 size-large\" src=\"https:\/\/luckyceramics.com\/wp-content\/uploads\/2026\/01\/IMG_4874-1024x683.jpg\" alt=\"\" width=\"800\" height=\"534\" srcset=\"https:\/\/luckyceramics.com\/wp-content\/uploads\/2026\/01\/IMG_4874-1024x683.jpg 1024w, https:\/\/luckyceramics.com\/wp-content\/uploads\/2026\/01\/IMG_4874-300x200.jpg 300w, https:\/\/luckyceramics.com\/wp-content\/uploads\/2026\/01\/IMG_4874-768x512.jpg 768w, https:\/\/luckyceramics.com\/wp-content\/uploads\/2026\/01\/IMG_4874-1536x1024.jpg 1536w, https:\/\/luckyceramics.com\/wp-content\/uploads\/2026\/01\/IMG_4874-2048x1365.jpg 2048w, https:\/\/luckyceramics.com\/wp-content\/uploads\/2026\/01\/IMG_4874-18x12.jpg 18w, https:\/\/luckyceramics.com\/wp-content\/uploads\/2026\/01\/IMG_4874-600x400.jpg 600w\" sizes=\"(max-width: 800px) 100vw, 800px\" \/> <img decoding=\"async\" class=\"alignnone wp-image-5292 size-large\" src=\"https:\/\/luckyceramics.com\/wp-content\/uploads\/2026\/01\/IMG_4875-1024x709.jpg\" alt=\"\" width=\"800\" height=\"554\" srcset=\"https:\/\/luckyceramics.com\/wp-content\/uploads\/2026\/01\/IMG_4875-1024x709.jpg 1024w, https:\/\/luckyceramics.com\/wp-content\/uploads\/2026\/01\/IMG_4875-300x208.jpg 300w, https:\/\/luckyceramics.com\/wp-content\/uploads\/2026\/01\/IMG_4875-768x531.jpg 768w, https:\/\/luckyceramics.com\/wp-content\/uploads\/2026\/01\/IMG_4875-1536x1063.jpg 1536w, https:\/\/luckyceramics.com\/wp-content\/uploads\/2026\/01\/IMG_4875-2048x1417.jpg 2048w, https:\/\/luckyceramics.com\/wp-content\/uploads\/2026\/01\/IMG_4875-18x12.jpg 18w, https:\/\/luckyceramics.com\/wp-content\/uploads\/2026\/01\/IMG_4875-600x415.jpg 600w\" sizes=\"(max-width: 800px) 100vw, 800px\" \/> <img loading=\"lazy\" decoding=\"async\" class=\"alignnone wp-image-5293 size-large\" src=\"https:\/\/luckyceramics.com\/wp-content\/uploads\/2026\/01\/IMG_4876-1024x695.jpg\" alt=\"\" width=\"800\" height=\"543\" srcset=\"https:\/\/luckyceramics.com\/wp-content\/uploads\/2026\/01\/IMG_4876-1024x695.jpg 1024w, https:\/\/luckyceramics.com\/wp-content\/uploads\/2026\/01\/IMG_4876-300x204.jpg 300w, https:\/\/luckyceramics.com\/wp-content\/uploads\/2026\/01\/IMG_4876-768x521.jpg 768w, https:\/\/luckyceramics.com\/wp-content\/uploads\/2026\/01\/IMG_4876-1536x1042.jpg 1536w, https:\/\/luckyceramics.com\/wp-content\/uploads\/2026\/01\/IMG_4876-2048x1390.jpg 2048w, https:\/\/luckyceramics.com\/wp-content\/uploads\/2026\/01\/IMG_4876-18x12.jpg 18w, https:\/\/luckyceramics.com\/wp-content\/uploads\/2026\/01\/IMG_4876-600x407.jpg 600w\" sizes=\"(max-width: 800px) 100vw, 800px\" \/> <img loading=\"lazy\" decoding=\"async\" class=\"alignnone wp-image-5294 size-large\" src=\"https:\/\/luckyceramics.com\/wp-content\/uploads\/2026\/01\/IMG_4877-1024x682.jpg\" alt=\"\" width=\"800\" height=\"533\" srcset=\"https:\/\/luckyceramics.com\/wp-content\/uploads\/2026\/01\/IMG_4877-1024x682.jpg 1024w, https:\/\/luckyceramics.com\/wp-content\/uploads\/2026\/01\/IMG_4877-300x200.jpg 300w, https:\/\/luckyceramics.com\/wp-content\/uploads\/2026\/01\/IMG_4877-768x511.jpg 768w, https:\/\/luckyceramics.com\/wp-content\/uploads\/2026\/01\/IMG_4877-1536x1023.jpg 1536w, https:\/\/luckyceramics.com\/wp-content\/uploads\/2026\/01\/IMG_4877-2048x1364.jpg 2048w, https:\/\/luckyceramics.com\/wp-content\/uploads\/2026\/01\/IMG_4877-18x12.jpg 18w, https:\/\/luckyceramics.com\/wp-content\/uploads\/2026\/01\/IMG_4877-600x400.jpg 600w\" sizes=\"(max-width: 800px) 100vw, 800px\" \/> <img loading=\"lazy\" decoding=\"async\" class=\"alignnone wp-image-5295 size-large\" src=\"https:\/\/luckyceramics.com\/wp-content\/uploads\/2026\/01\/IMG_4878-1024x674.jpg\" alt=\"\" width=\"800\" height=\"527\" srcset=\"https:\/\/luckyceramics.com\/wp-content\/uploads\/2026\/01\/IMG_4878-1024x674.jpg 1024w, https:\/\/luckyceramics.com\/wp-content\/uploads\/2026\/01\/IMG_4878-300x198.jpg 300w, https:\/\/luckyceramics.com\/wp-content\/uploads\/2026\/01\/IMG_4878-768x506.jpg 768w, https:\/\/luckyceramics.com\/wp-content\/uploads\/2026\/01\/IMG_4878-1536x1012.jpg 1536w, https:\/\/luckyceramics.com\/wp-content\/uploads\/2026\/01\/IMG_4878-2048x1349.jpg 2048w, https:\/\/luckyceramics.com\/wp-content\/uploads\/2026\/01\/IMG_4878-18x12.jpg 18w, https:\/\/luckyceramics.com\/wp-content\/uploads\/2026\/01\/IMG_4878-600x395.jpg 600w\" sizes=\"(max-width: 800px) 100vw, 800px\" \/> <img loading=\"lazy\" decoding=\"async\" class=\"alignnone wp-image-5296 size-large\" src=\"https:\/\/luckyceramics.com\/wp-content\/uploads\/2026\/01\/IMG_4879-1024x605.jpg\" alt=\"\" width=\"800\" height=\"473\" srcset=\"https:\/\/luckyceramics.com\/wp-content\/uploads\/2026\/01\/IMG_4879-1024x605.jpg 1024w, https:\/\/luckyceramics.com\/wp-content\/uploads\/2026\/01\/IMG_4879-300x177.jpg 300w, https:\/\/luckyceramics.com\/wp-content\/uploads\/2026\/01\/IMG_4879-768x454.jpg 768w, https:\/\/luckyceramics.com\/wp-content\/uploads\/2026\/01\/IMG_4879-1536x908.jpg 1536w, https:\/\/luckyceramics.com\/wp-content\/uploads\/2026\/01\/IMG_4879-2048x1210.jpg 2048w, https:\/\/luckyceramics.com\/wp-content\/uploads\/2026\/01\/IMG_4879-18x12.jpg 18w, https:\/\/luckyceramics.com\/wp-content\/uploads\/2026\/01\/IMG_4879-600x355.jpg 600w\" sizes=\"(max-width: 800px) 100vw, 800px\" \/> <img loading=\"lazy\" decoding=\"async\" class=\"alignnone wp-image-5297 size-large\" src=\"https:\/\/luckyceramics.com\/wp-content\/uploads\/2026\/01\/IMG_4880-1024x589.jpg\" alt=\"\" width=\"800\" height=\"460\" srcset=\"https:\/\/luckyceramics.com\/wp-content\/uploads\/2026\/01\/IMG_4880-1024x589.jpg 1024w, https:\/\/luckyceramics.com\/wp-content\/uploads\/2026\/01\/IMG_4880-300x173.jpg 300w, https:\/\/luckyceramics.com\/wp-content\/uploads\/2026\/01\/IMG_4880-768x442.jpg 768w, https:\/\/luckyceramics.com\/wp-content\/uploads\/2026\/01\/IMG_4880-1536x884.jpg 1536w, https:\/\/luckyceramics.com\/wp-content\/uploads\/2026\/01\/IMG_4880-2048x1179.jpg 2048w, https:\/\/luckyceramics.com\/wp-content\/uploads\/2026\/01\/IMG_4880-18x10.jpg 18w, https:\/\/luckyceramics.com\/wp-content\/uploads\/2026\/01\/IMG_4880-600x345.jpg 600w\" sizes=\"(max-width: 800px) 100vw, 800px\" \/><\/p>","protected":false},"excerpt":{"rendered":"<p>Produit : Vaisselle en c\u00e9ramique \u00e9maill\u00e9e<\/p>\n<p>Mat\u00e9riau : Gr\u00e8s<\/p>\n<p>10.5\u2033 assiette \u00e0 d\u00eener : 27*2.6cm<\/p>\n<p>8\u2033 plaque lat\u00e9rale : 19.8*2.3cm<\/p>\n<p>6.3\u2033 Bol : 16*5.5cm<\/p>\n<p>8\u2033Coupelle:20.3*5.8cm<\/p>\n<p>9\u2033Bol:23.2*7.8cm<\/p>\n<p>tasse:8.5*10.5<\/p>","protected":false},"featured_media":5297,"template":"","meta":[],"product_brand":[],"product_cat":[123,50,51],"product_tag":[],"class_list":{"0":"post-5289","1":"product","2":"type-product","3":"status-publish","4":"has-post-thumbnail","6":"product_cat-color-glazed","7":"product_cat-tableware","8":"product_cat-stoneware-dinnerware","10":"first","11":"instock","12":"shipping-taxable","13":"product-type-simple"},"_links":{"self":[{"href":"https:\/\/luckyceramics.com\/fr\/wp-json\/wp\/v2\/product\/5289","targetHints":{"allow":["GET"]}}],"collection":[{"href":"https:\/\/luckyceramics.com\/fr\/wp-json\/wp\/v2\/product"}],"about":[{"href":"https:\/\/luckyceramics.com\/fr\/wp-json\/wp\/v2\/types\/product"}],"version-history":[{"count":2,"href":"https:\/\/luckyceramics.com\/fr\/wp-json\/wp\/v2\/product\/5289\/revisions"}],"predecessor-version":[{"id":5527,"href":"https:\/\/luckyceramics.com\/fr\/wp-json\/wp\/v2\/product\/5289\/revisions\/5527"}],"wp:featuredmedia":[{"embeddable":true,"href":"https:\/\/luckyceramics.com\/fr\/wp-json\/wp\/v2\/media\/5297"}],"wp:attachment":[{"href":"https:\/\/luckyceramics.com\/fr\/wp-json\/wp\/v2\/media?parent=5289"}],"wp:term":[{"taxonomy":"product_brand","embeddable":true,"href":"https:\/\/luckyceramics.com\/fr\/wp-json\/wp\/v2\/product_brand?post=5289"},{"taxonomy":"product_cat","embeddable":true,"href":"https:\/\/luckyceramics.com\/fr\/wp-json\/wp\/v2\/product_cat?post=5289"},{"taxonomy":"product_tag","embeddable":true,"href":"https:\/\/luckyceramics.com\/fr\/wp-json\/wp\/v2\/product_tag?post=5289"}],"curies":[{"name":"wp","href":"https:\/\/api.w.org\/{rel}","templated":true}]}}