{"id":5228,"date":"2026-01-06T15:01:16","date_gmt":"2026-01-06T07:01:16","guid":{"rendered":"https:\/\/luckyceramics.com\/?post_type=product&#038;p=5228"},"modified":"2026-01-16T16:15:24","modified_gmt":"2026-01-16T08:15:24","slug":"138fp0026-color-glazed-ceramic-tableware","status":"publish","type":"product","link":"https:\/\/luckyceramics.com\/fr\/product\/138fp0026-color-glazed-ceramic-tableware\/","title":{"rendered":"138FP0026-Vaisselle en c\u00e9ramique \u00e9maill\u00e9e couleur"},"content":{"rendered":"<p><img fetchpriority=\"high\" decoding=\"async\" class=\"alignnone wp-image-5258 size-large\" src=\"https:\/\/luckyceramics.com\/wp-content\/uploads\/2026\/01\/IMG_4851-1024x705.jpg\" alt=\"\" width=\"800\" height=\"551\" srcset=\"https:\/\/luckyceramics.com\/wp-content\/uploads\/2026\/01\/IMG_4851-1024x705.jpg 1024w, https:\/\/luckyceramics.com\/wp-content\/uploads\/2026\/01\/IMG_4851-300x207.jpg 300w, https:\/\/luckyceramics.com\/wp-content\/uploads\/2026\/01\/IMG_4851-768x529.jpg 768w, https:\/\/luckyceramics.com\/wp-content\/uploads\/2026\/01\/IMG_4851-1536x1058.jpg 1536w, https:\/\/luckyceramics.com\/wp-content\/uploads\/2026\/01\/IMG_4851-2048x1411.jpg 2048w, https:\/\/luckyceramics.com\/wp-content\/uploads\/2026\/01\/IMG_4851-18x12.jpg 18w, https:\/\/luckyceramics.com\/wp-content\/uploads\/2026\/01\/IMG_4851-600x413.jpg 600w\" sizes=\"(max-width: 800px) 100vw, 800px\" \/> <img decoding=\"async\" class=\"alignnone wp-image-5259 size-large\" src=\"https:\/\/luckyceramics.com\/wp-content\/uploads\/2026\/01\/IMG_4852-1024x696.jpg\" alt=\"\" width=\"800\" height=\"544\" srcset=\"https:\/\/luckyceramics.com\/wp-content\/uploads\/2026\/01\/IMG_4852-1024x696.jpg 1024w, https:\/\/luckyceramics.com\/wp-content\/uploads\/2026\/01\/IMG_4852-300x204.jpg 300w, https:\/\/luckyceramics.com\/wp-content\/uploads\/2026\/01\/IMG_4852-768x522.jpg 768w, https:\/\/luckyceramics.com\/wp-content\/uploads\/2026\/01\/IMG_4852-1536x1044.jpg 1536w, https:\/\/luckyceramics.com\/wp-content\/uploads\/2026\/01\/IMG_4852-2048x1392.jpg 2048w, https:\/\/luckyceramics.com\/wp-content\/uploads\/2026\/01\/IMG_4852-18x12.jpg 18w, https:\/\/luckyceramics.com\/wp-content\/uploads\/2026\/01\/IMG_4852-600x408.jpg 600w\" sizes=\"(max-width: 800px) 100vw, 800px\" \/> <img decoding=\"async\" class=\"alignnone wp-image-5260 size-large\" src=\"https:\/\/luckyceramics.com\/wp-content\/uploads\/2026\/01\/IMG_4853-1024x644.jpg\" alt=\"\" width=\"800\" height=\"503\" srcset=\"https:\/\/luckyceramics.com\/wp-content\/uploads\/2026\/01\/IMG_4853-1024x644.jpg 1024w, https:\/\/luckyceramics.com\/wp-content\/uploads\/2026\/01\/IMG_4853-300x189.jpg 300w, https:\/\/luckyceramics.com\/wp-content\/uploads\/2026\/01\/IMG_4853-768x483.jpg 768w, https:\/\/luckyceramics.com\/wp-content\/uploads\/2026\/01\/IMG_4853-1536x965.jpg 1536w, https:\/\/luckyceramics.com\/wp-content\/uploads\/2026\/01\/IMG_4853-2048x1287.jpg 2048w, https:\/\/luckyceramics.com\/wp-content\/uploads\/2026\/01\/IMG_4853-18x12.jpg 18w, https:\/\/luckyceramics.com\/wp-content\/uploads\/2026\/01\/IMG_4853-600x377.jpg 600w\" sizes=\"(max-width: 800px) 100vw, 800px\" \/><\/p>","protected":false},"excerpt":{"rendered":"<p>Produit : Vaisselle en c\u00e9ramique \u00e9maill\u00e9e<\/p>\n<p>Mat\u00e9riau : Gr\u00e8s<\/p>\n<p>10.8&#8243;dinner plate: 27.4*2.7cm<\/p>\n<p>8&#8243;side plate: 20*2.3cm<\/p>\n<p>8&#8243;bowl: 20.7*4.5cm<\/p>\n<p>6.3&#8243;bowl:16*5.6cm<\/p>","protected":false},"featured_media":5260,"template":"","meta":[],"product_brand":[],"product_cat":[123,50,51],"product_tag":[],"class_list":{"0":"post-5228","1":"product","2":"type-product","3":"status-publish","4":"has-post-thumbnail","6":"product_cat-color-glazed","7":"product_cat-tableware","8":"product_cat-stoneware-dinnerware","10":"first","11":"instock","12":"shipping-taxable","13":"product-type-simple"},"_links":{"self":[{"href":"https:\/\/luckyceramics.com\/fr\/wp-json\/wp\/v2\/product\/5228","targetHints":{"allow":["GET"]}}],"collection":[{"href":"https:\/\/luckyceramics.com\/fr\/wp-json\/wp\/v2\/product"}],"about":[{"href":"https:\/\/luckyceramics.com\/fr\/wp-json\/wp\/v2\/types\/product"}],"version-history":[{"count":3,"href":"https:\/\/luckyceramics.com\/fr\/wp-json\/wp\/v2\/product\/5228\/revisions"}],"predecessor-version":[{"id":5468,"href":"https:\/\/luckyceramics.com\/fr\/wp-json\/wp\/v2\/product\/5228\/revisions\/5468"}],"wp:featuredmedia":[{"embeddable":true,"href":"https:\/\/luckyceramics.com\/fr\/wp-json\/wp\/v2\/media\/5260"}],"wp:attachment":[{"href":"https:\/\/luckyceramics.com\/fr\/wp-json\/wp\/v2\/media?parent=5228"}],"wp:term":[{"taxonomy":"product_brand","embeddable":true,"href":"https:\/\/luckyceramics.com\/fr\/wp-json\/wp\/v2\/product_brand?post=5228"},{"taxonomy":"product_cat","embeddable":true,"href":"https:\/\/luckyceramics.com\/fr\/wp-json\/wp\/v2\/product_cat?post=5228"},{"taxonomy":"product_tag","embeddable":true,"href":"https:\/\/luckyceramics.com\/fr\/wp-json\/wp\/v2\/product_tag?post=5228"}],"curies":[{"name":"wp","href":"https:\/\/api.w.org\/{rel}","templated":true}]}}