{"id":5098,"date":"2026-01-05T09:42:34","date_gmt":"2026-01-05T01:42:34","guid":{"rendered":"https:\/\/luckyceramics.com\/?post_type=product&#038;p=5098"},"modified":"2026-01-15T15:20:47","modified_gmt":"2026-01-15T07:20:47","slug":"lcpp0040-hs-porcelaine-doree-vaisselle-en-ceramique","status":"publish","type":"product","link":"https:\/\/luckyceramics.com\/fr\/product\/lcpp0040-hs-gold-plated-porcelain-ceramic-tableware\/","title":{"rendered":"LCPP0040-HS Porcelaine dor\u00e9e Vaisselle en c\u00e9ramique"},"content":{"rendered":"","protected":false},"excerpt":{"rendered":"<pre>D\u00e9tails du produit :\r\n\r\nProduit : Porcelaine dor\u00e9e\r\n\r\nMat\u00e9riau : Porcelaine Porcelaine\r\n\r\nTaille :\r\n\r\nAssiette plate : 26.7CM\r\n\r\nAssiette lat\u00e9rale : 19CM\r\n\r\nBol : 14*7CM\r\n\r\nTasse : 8.8*10.3CM<\/pre>","protected":false},"featured_media":5099,"template":"","meta":[],"product_brand":[],"product_cat":[119],"product_tag":[],"class_list":{"0":"post-5098","1":"product","2":"type-product","3":"status-publish","4":"has-post-thumbnail","6":"product_cat-gold-plated","8":"first","9":"instock","10":"shipping-taxable","11":"product-type-simple"},"_links":{"self":[{"href":"https:\/\/luckyceramics.com\/fr\/wp-json\/wp\/v2\/product\/5098","targetHints":{"allow":["GET"]}}],"collection":[{"href":"https:\/\/luckyceramics.com\/fr\/wp-json\/wp\/v2\/product"}],"about":[{"href":"https:\/\/luckyceramics.com\/fr\/wp-json\/wp\/v2\/types\/product"}],"version-history":[{"count":2,"href":"https:\/\/luckyceramics.com\/fr\/wp-json\/wp\/v2\/product\/5098\/revisions"}],"predecessor-version":[{"id":5341,"href":"https:\/\/luckyceramics.com\/fr\/wp-json\/wp\/v2\/product\/5098\/revisions\/5341"}],"wp:featuredmedia":[{"embeddable":true,"href":"https:\/\/luckyceramics.com\/fr\/wp-json\/wp\/v2\/media\/5099"}],"wp:attachment":[{"href":"https:\/\/luckyceramics.com\/fr\/wp-json\/wp\/v2\/media?parent=5098"}],"wp:term":[{"taxonomy":"product_brand","embeddable":true,"href":"https:\/\/luckyceramics.com\/fr\/wp-json\/wp\/v2\/product_brand?post=5098"},{"taxonomy":"product_cat","embeddable":true,"href":"https:\/\/luckyceramics.com\/fr\/wp-json\/wp\/v2\/product_cat?post=5098"},{"taxonomy":"product_tag","embeddable":true,"href":"https:\/\/luckyceramics.com\/fr\/wp-json\/wp\/v2\/product_tag?post=5098"}],"curies":[{"name":"wp","href":"https:\/\/api.w.org\/{rel}","templated":true}]}}