{"id":5091,"date":"2026-01-05T09:35:54","date_gmt":"2026-01-05T01:35:54","guid":{"rendered":"https:\/\/luckyceramics.com\/?post_type=product&#038;p=5091"},"modified":"2026-01-15T15:18:42","modified_gmt":"2026-01-15T07:18:42","slug":"lcpp0039-hs-porcelaine-doree-vaisselle-en-ceramique","status":"publish","type":"product","link":"https:\/\/luckyceramics.com\/fr\/product\/lcpp0039-hs-gold-plated-porcelain-ceramic-tableware\/","title":{"rendered":"LCPP0039-HS Porcelaine dor\u00e9e Vaisselle en c\u00e9ramique"},"content":{"rendered":"","protected":false},"excerpt":{"rendered":"<pre>D\u00e9tails du produit :\r\n\r\nProduit : Porcelaine dor\u00e9e\r\n\r\nMat\u00e9riau : Porcelaine Porcelaine\r\n\r\nTaille :\r\n\r\nAssiette plate : 26CM\r\n\r\nAssiette lat\u00e9rale : 20CM\r\n\r\nBol : 15*7.5CM\r\n\r\nTasse : 9*10.5CM<\/pre>","protected":false},"featured_media":5092,"template":"","meta":[],"product_brand":[],"product_cat":[119],"product_tag":[],"class_list":{"0":"post-5091","1":"product","2":"type-product","3":"status-publish","4":"has-post-thumbnail","6":"product_cat-gold-plated","8":"first","9":"instock","10":"shipping-taxable","11":"product-type-simple"},"_links":{"self":[{"href":"https:\/\/luckyceramics.com\/fr\/wp-json\/wp\/v2\/product\/5091","targetHints":{"allow":["GET"]}}],"collection":[{"href":"https:\/\/luckyceramics.com\/fr\/wp-json\/wp\/v2\/product"}],"about":[{"href":"https:\/\/luckyceramics.com\/fr\/wp-json\/wp\/v2\/types\/product"}],"version-history":[{"count":2,"href":"https:\/\/luckyceramics.com\/fr\/wp-json\/wp\/v2\/product\/5091\/revisions"}],"predecessor-version":[{"id":5336,"href":"https:\/\/luckyceramics.com\/fr\/wp-json\/wp\/v2\/product\/5091\/revisions\/5336"}],"wp:featuredmedia":[{"embeddable":true,"href":"https:\/\/luckyceramics.com\/fr\/wp-json\/wp\/v2\/media\/5092"}],"wp:attachment":[{"href":"https:\/\/luckyceramics.com\/fr\/wp-json\/wp\/v2\/media?parent=5091"}],"wp:term":[{"taxonomy":"product_brand","embeddable":true,"href":"https:\/\/luckyceramics.com\/fr\/wp-json\/wp\/v2\/product_brand?post=5091"},{"taxonomy":"product_cat","embeddable":true,"href":"https:\/\/luckyceramics.com\/fr\/wp-json\/wp\/v2\/product_cat?post=5091"},{"taxonomy":"product_tag","embeddable":true,"href":"https:\/\/luckyceramics.com\/fr\/wp-json\/wp\/v2\/product_tag?post=5091"}],"curies":[{"name":"wp","href":"https:\/\/api.w.org\/{rel}","templated":true}]}}