{"id":5082,"date":"2026-01-05T14:46:40","date_gmt":"2026-01-05T06:46:40","guid":{"rendered":"https:\/\/luckyceramics.com\/?post_type=product&#038;p=5082"},"modified":"2026-01-16T16:13:21","modified_gmt":"2026-01-16T08:13:21","slug":"138fp0020-vaisselle-en-ceramique-emaillee-flocon-de-neige","status":"publish","type":"product","link":"https:\/\/luckyceramics.com\/fr\/product\/138fp0020-snowflake-glaze-ceramic-tableware\/","title":{"rendered":"138FP0020-Vaisselle en c\u00e9ramique avec \u00e9mail flocon de neige"},"content":{"rendered":"<p><img fetchpriority=\"high\" decoding=\"async\" class=\"alignnone wp-image-5452 size-large\" src=\"https:\/\/luckyceramics.com\/wp-content\/uploads\/2026\/01\/IMG_4831-1-1024x717.jpg\" alt=\"\" width=\"800\" height=\"560\" srcset=\"https:\/\/luckyceramics.com\/wp-content\/uploads\/2026\/01\/IMG_4831-1-1024x717.jpg 1024w, https:\/\/luckyceramics.com\/wp-content\/uploads\/2026\/01\/IMG_4831-1-300x210.jpg 300w, https:\/\/luckyceramics.com\/wp-content\/uploads\/2026\/01\/IMG_4831-1-768x538.jpg 768w, https:\/\/luckyceramics.com\/wp-content\/uploads\/2026\/01\/IMG_4831-1-1536x1076.jpg 1536w, https:\/\/luckyceramics.com\/wp-content\/uploads\/2026\/01\/IMG_4831-1-2048x1434.jpg 2048w, https:\/\/luckyceramics.com\/wp-content\/uploads\/2026\/01\/IMG_4831-1-18x12.jpg 18w, https:\/\/luckyceramics.com\/wp-content\/uploads\/2026\/01\/IMG_4831-1-600x420.jpg 600w\" sizes=\"(max-width: 800px) 100vw, 800px\" \/> <img decoding=\"async\" class=\"alignnone wp-image-5451 size-large\" src=\"https:\/\/luckyceramics.com\/wp-content\/uploads\/2026\/01\/IMG_4830-1-1024x692.jpg\" alt=\"\" width=\"800\" height=\"541\" srcset=\"https:\/\/luckyceramics.com\/wp-content\/uploads\/2026\/01\/IMG_4830-1-1024x692.jpg 1024w, https:\/\/luckyceramics.com\/wp-content\/uploads\/2026\/01\/IMG_4830-1-300x203.jpg 300w, https:\/\/luckyceramics.com\/wp-content\/uploads\/2026\/01\/IMG_4830-1-768x519.jpg 768w, https:\/\/luckyceramics.com\/wp-content\/uploads\/2026\/01\/IMG_4830-1-1536x1038.jpg 1536w, https:\/\/luckyceramics.com\/wp-content\/uploads\/2026\/01\/IMG_4830-1-2048x1384.jpg 2048w, https:\/\/luckyceramics.com\/wp-content\/uploads\/2026\/01\/IMG_4830-1-18x12.jpg 18w, https:\/\/luckyceramics.com\/wp-content\/uploads\/2026\/01\/IMG_4830-1-600x405.jpg 600w\" sizes=\"(max-width: 800px) 100vw, 800px\" \/> <img decoding=\"async\" class=\"alignnone wp-image-5450 size-large\" src=\"https:\/\/luckyceramics.com\/wp-content\/uploads\/2026\/01\/IMG_4829-1-1024x740.jpg\" alt=\"\" width=\"800\" height=\"578\" srcset=\"https:\/\/luckyceramics.com\/wp-content\/uploads\/2026\/01\/IMG_4829-1-1024x740.jpg 1024w, https:\/\/luckyceramics.com\/wp-content\/uploads\/2026\/01\/IMG_4829-1-300x217.jpg 300w, https:\/\/luckyceramics.com\/wp-content\/uploads\/2026\/01\/IMG_4829-1-768x555.jpg 768w, https:\/\/luckyceramics.com\/wp-content\/uploads\/2026\/01\/IMG_4829-1-1536x1110.jpg 1536w, https:\/\/luckyceramics.com\/wp-content\/uploads\/2026\/01\/IMG_4829-1-2048x1481.jpg 2048w, https:\/\/luckyceramics.com\/wp-content\/uploads\/2026\/01\/IMG_4829-1-18x12.jpg 18w, https:\/\/luckyceramics.com\/wp-content\/uploads\/2026\/01\/IMG_4829-1-600x434.jpg 600w\" sizes=\"(max-width: 800px) 100vw, 800px\" \/> <img loading=\"lazy\" decoding=\"async\" class=\"alignnone wp-image-5453 size-large\" src=\"https:\/\/luckyceramics.com\/wp-content\/uploads\/2026\/01\/IMG_4832-1-1024x644.jpg\" alt=\"\" width=\"800\" height=\"503\" srcset=\"https:\/\/luckyceramics.com\/wp-content\/uploads\/2026\/01\/IMG_4832-1-1024x644.jpg 1024w, https:\/\/luckyceramics.com\/wp-content\/uploads\/2026\/01\/IMG_4832-1-300x189.jpg 300w, https:\/\/luckyceramics.com\/wp-content\/uploads\/2026\/01\/IMG_4832-1-768x483.jpg 768w, https:\/\/luckyceramics.com\/wp-content\/uploads\/2026\/01\/IMG_4832-1-1536x965.jpg 1536w, https:\/\/luckyceramics.com\/wp-content\/uploads\/2026\/01\/IMG_4832-1-2048x1287.jpg 2048w, https:\/\/luckyceramics.com\/wp-content\/uploads\/2026\/01\/IMG_4832-1-18x12.jpg 18w, https:\/\/luckyceramics.com\/wp-content\/uploads\/2026\/01\/IMG_4832-1-600x377.jpg 600w\" sizes=\"(max-width: 800px) 100vw, 800px\" \/><\/p>","protected":false},"excerpt":{"rendered":"<p>Produit : Vaisselle en c\u00e9ramique \u00e9maill\u00e9e flocon de neige<\/p>\n<p>Mat\u00e9riau : Porcelaine<\/p>\n<p>10.5\u2033 assiette \u00e0 d\u00eener : 27*2.3cm<\/p>\n<p>7.5\u2033 plaque lat\u00e9rale : 19.5*2cm<\/p>\n<p>5.7\u2033bowl : 14.5*7.2cm<\/p>\n<p>8\u2033Bol : 20.5*4.4cm<\/p>\n<p>9\u2033Bol : 22.8*7.5cm<\/p>","protected":false},"featured_media":5453,"template":"","meta":[],"product_brand":[],"product_cat":[117,50,51],"product_tag":[],"class_list":{"0":"post-5082","1":"product","2":"type-product","3":"status-publish","4":"has-post-thumbnail","6":"product_cat-reactive-glazed","7":"product_cat-tableware","8":"product_cat-stoneware-dinnerware","10":"first","11":"instock","12":"shipping-taxable","13":"product-type-simple"},"_links":{"self":[{"href":"https:\/\/luckyceramics.com\/fr\/wp-json\/wp\/v2\/product\/5082","targetHints":{"allow":["GET"]}}],"collection":[{"href":"https:\/\/luckyceramics.com\/fr\/wp-json\/wp\/v2\/product"}],"about":[{"href":"https:\/\/luckyceramics.com\/fr\/wp-json\/wp\/v2\/types\/product"}],"version-history":[{"count":5,"href":"https:\/\/luckyceramics.com\/fr\/wp-json\/wp\/v2\/product\/5082\/revisions"}],"predecessor-version":[{"id":5467,"href":"https:\/\/luckyceramics.com\/fr\/wp-json\/wp\/v2\/product\/5082\/revisions\/5467"}],"wp:featuredmedia":[{"embeddable":true,"href":"https:\/\/luckyceramics.com\/fr\/wp-json\/wp\/v2\/media\/5453"}],"wp:attachment":[{"href":"https:\/\/luckyceramics.com\/fr\/wp-json\/wp\/v2\/media?parent=5082"}],"wp:term":[{"taxonomy":"product_brand","embeddable":true,"href":"https:\/\/luckyceramics.com\/fr\/wp-json\/wp\/v2\/product_brand?post=5082"},{"taxonomy":"product_cat","embeddable":true,"href":"https:\/\/luckyceramics.com\/fr\/wp-json\/wp\/v2\/product_cat?post=5082"},{"taxonomy":"product_tag","embeddable":true,"href":"https:\/\/luckyceramics.com\/fr\/wp-json\/wp\/v2\/product_tag?post=5082"}],"curies":[{"name":"wp","href":"https:\/\/api.w.org\/{rel}","templated":true}]}}