{"id":5073,"date":"2026-01-05T09:24:23","date_gmt":"2026-01-05T01:24:23","guid":{"rendered":"https:\/\/luckyceramics.com\/?post_type=product&#038;p=5073"},"modified":"2026-01-15T15:16:00","modified_gmt":"2026-01-15T07:16:00","slug":"lcpp0038-hs-pad-printing-ceramic-tableware","status":"publish","type":"product","link":"https:\/\/luckyceramics.com\/fr\/product\/lcpp0038-hs-pad-printing-ceramic-tableware\/","title":{"rendered":"LCPP0038-HS Porcelaine dor\u00e9e Vaisselle en c\u00e9ramique"},"content":{"rendered":"","protected":false},"excerpt":{"rendered":"<pre>D\u00e9tails du produit :\r\n\r\nProduit : Porcelaine dor\u00e9e\r\n\r\nMat\u00e9riau : Porcelaine Porcelaine\r\n\r\nTaille :\r\n\r\nAssiette plate : 23CM\r\n\r\nAssiette lat\u00e9rale : 17.5CM\r\n\r\nBol : 15*7.5CM\r\n\r\nCoupe : 8.7*10.5CM<\/pre>","protected":false},"featured_media":5088,"template":"","meta":[],"product_brand":[],"product_cat":[119,52],"product_tag":[],"class_list":{"0":"post-5073","1":"product","2":"type-product","3":"status-publish","4":"has-post-thumbnail","6":"product_cat-gold-plated","7":"product_cat-porcelain-dinnerware","9":"first","10":"instock","11":"shipping-taxable","12":"product-type-simple"},"_links":{"self":[{"href":"https:\/\/luckyceramics.com\/fr\/wp-json\/wp\/v2\/product\/5073","targetHints":{"allow":["GET"]}}],"collection":[{"href":"https:\/\/luckyceramics.com\/fr\/wp-json\/wp\/v2\/product"}],"about":[{"href":"https:\/\/luckyceramics.com\/fr\/wp-json\/wp\/v2\/types\/product"}],"version-history":[{"count":6,"href":"https:\/\/luckyceramics.com\/fr\/wp-json\/wp\/v2\/product\/5073\/revisions"}],"predecessor-version":[{"id":5335,"href":"https:\/\/luckyceramics.com\/fr\/wp-json\/wp\/v2\/product\/5073\/revisions\/5335"}],"wp:featuredmedia":[{"embeddable":true,"href":"https:\/\/luckyceramics.com\/fr\/wp-json\/wp\/v2\/media\/5088"}],"wp:attachment":[{"href":"https:\/\/luckyceramics.com\/fr\/wp-json\/wp\/v2\/media?parent=5073"}],"wp:term":[{"taxonomy":"product_brand","embeddable":true,"href":"https:\/\/luckyceramics.com\/fr\/wp-json\/wp\/v2\/product_brand?post=5073"},{"taxonomy":"product_cat","embeddable":true,"href":"https:\/\/luckyceramics.com\/fr\/wp-json\/wp\/v2\/product_cat?post=5073"},{"taxonomy":"product_tag","embeddable":true,"href":"https:\/\/luckyceramics.com\/fr\/wp-json\/wp\/v2\/product_tag?post=5073"}],"curies":[{"name":"wp","href":"https:\/\/api.w.org\/{rel}","templated":true}]}}