{"id":5051,"date":"2026-01-04T11:14:56","date_gmt":"2026-01-04T03:14:56","guid":{"rendered":"https:\/\/luckyceramics.com\/?post_type=product&#038;p=5051"},"modified":"2026-01-16T16:03:57","modified_gmt":"2026-01-16T08:03:57","slug":"138fp0017-vaisselle-en-ceramique-emaillee-reactive","status":"publish","type":"product","link":"https:\/\/luckyceramics.com\/fr\/product\/138fp0017-reactive-glazed-ceramic-tableware\/","title":{"rendered":"138FP0017-Vaisselle en c\u00e9ramique \u00e9maill\u00e9e r\u00e9active"},"content":{"rendered":"<p><img fetchpriority=\"high\" decoding=\"async\" class=\"alignnone wp-image-5434 size-large\" src=\"https:\/\/luckyceramics.com\/wp-content\/uploads\/2026\/01\/IMG_4821-1-1024x665.jpg\" alt=\"\" width=\"800\" height=\"520\" srcset=\"https:\/\/luckyceramics.com\/wp-content\/uploads\/2026\/01\/IMG_4821-1-1024x665.jpg 1024w, https:\/\/luckyceramics.com\/wp-content\/uploads\/2026\/01\/IMG_4821-1-300x195.jpg 300w, https:\/\/luckyceramics.com\/wp-content\/uploads\/2026\/01\/IMG_4821-1-768x498.jpg 768w, https:\/\/luckyceramics.com\/wp-content\/uploads\/2026\/01\/IMG_4821-1-1536x997.jpg 1536w, https:\/\/luckyceramics.com\/wp-content\/uploads\/2026\/01\/IMG_4821-1-2048x1329.jpg 2048w, https:\/\/luckyceramics.com\/wp-content\/uploads\/2026\/01\/IMG_4821-1-18x12.jpg 18w, https:\/\/luckyceramics.com\/wp-content\/uploads\/2026\/01\/IMG_4821-1-600x389.jpg 600w\" sizes=\"(max-width: 800px) 100vw, 800px\" \/> <img decoding=\"async\" class=\"alignnone wp-image-5433 size-large\" src=\"https:\/\/luckyceramics.com\/wp-content\/uploads\/2026\/01\/IMG_4820-1-1024x684.jpg\" alt=\"\" width=\"800\" height=\"534\" srcset=\"https:\/\/luckyceramics.com\/wp-content\/uploads\/2026\/01\/IMG_4820-1-1024x684.jpg 1024w, https:\/\/luckyceramics.com\/wp-content\/uploads\/2026\/01\/IMG_4820-1-300x200.jpg 300w, https:\/\/luckyceramics.com\/wp-content\/uploads\/2026\/01\/IMG_4820-1-768x513.jpg 768w, https:\/\/luckyceramics.com\/wp-content\/uploads\/2026\/01\/IMG_4820-1-1536x1025.jpg 1536w, https:\/\/luckyceramics.com\/wp-content\/uploads\/2026\/01\/IMG_4820-1-2048x1367.jpg 2048w, https:\/\/luckyceramics.com\/wp-content\/uploads\/2026\/01\/IMG_4820-1-18x12.jpg 18w, https:\/\/luckyceramics.com\/wp-content\/uploads\/2026\/01\/IMG_4820-1-600x401.jpg 600w\" sizes=\"(max-width: 800px) 100vw, 800px\" \/><\/p>","protected":false},"excerpt":{"rendered":"<p>Produit : Vaisselle en c\u00e9ramique \u00e9maill\u00e9e r\u00e9active<\/p>\n<p>Mat\u00e9riau : Gr\u00e8s<\/p>\n<p>10.5\u2033 assiette \u00e0 d\u00eener : 26.8*2.5cm<\/p>\n<p>7.5\u2033 plaque lat\u00e9rale : 19.2*2cm<\/p>\n<p>6\u2033Bol : 15.5*5.5cm<\/p>\n<p>tasse : 8.5*10cm<\/p>","protected":false},"featured_media":5434,"template":"","meta":[],"product_brand":[],"product_cat":[122,50,52],"product_tag":[],"class_list":{"0":"post-5051","1":"product","2":"type-product","3":"status-publish","4":"has-post-thumbnail","6":"product_cat-reactive-glazed-porcelain-dinnerware","7":"product_cat-tableware","8":"product_cat-porcelain-dinnerware","10":"first","11":"instock","12":"shipping-taxable","13":"product-type-simple"},"_links":{"self":[{"href":"https:\/\/luckyceramics.com\/fr\/wp-json\/wp\/v2\/product\/5051","targetHints":{"allow":["GET"]}}],"collection":[{"href":"https:\/\/luckyceramics.com\/fr\/wp-json\/wp\/v2\/product"}],"about":[{"href":"https:\/\/luckyceramics.com\/fr\/wp-json\/wp\/v2\/types\/product"}],"version-history":[{"count":6,"href":"https:\/\/luckyceramics.com\/fr\/wp-json\/wp\/v2\/product\/5051\/revisions"}],"predecessor-version":[{"id":5457,"href":"https:\/\/luckyceramics.com\/fr\/wp-json\/wp\/v2\/product\/5051\/revisions\/5457"}],"wp:featuredmedia":[{"embeddable":true,"href":"https:\/\/luckyceramics.com\/fr\/wp-json\/wp\/v2\/media\/5434"}],"wp:attachment":[{"href":"https:\/\/luckyceramics.com\/fr\/wp-json\/wp\/v2\/media?parent=5051"}],"wp:term":[{"taxonomy":"product_brand","embeddable":true,"href":"https:\/\/luckyceramics.com\/fr\/wp-json\/wp\/v2\/product_brand?post=5051"},{"taxonomy":"product_cat","embeddable":true,"href":"https:\/\/luckyceramics.com\/fr\/wp-json\/wp\/v2\/product_cat?post=5051"},{"taxonomy":"product_tag","embeddable":true,"href":"https:\/\/luckyceramics.com\/fr\/wp-json\/wp\/v2\/product_tag?post=5051"}],"curies":[{"name":"wp","href":"https:\/\/api.w.org\/{rel}","templated":true}]}}