{"id":5023,"date":"2026-01-04T10:39:29","date_gmt":"2026-01-04T02:39:29","guid":{"rendered":"https:\/\/luckyceramics.com\/?post_type=product&#038;p=5023"},"modified":"2026-01-15T17:41:43","modified_gmt":"2026-01-15T09:41:43","slug":"138fp0012-vaisselle-en-ceramique-emaillee-reactive","status":"publish","type":"product","link":"https:\/\/luckyceramics.com\/fr\/product\/138fp0012-reactive-glazed-ceramic-tableware\/","title":{"rendered":"138FP0012-Vaisselle en c\u00e9ramique \u00e9maill\u00e9e r\u00e9active"},"content":{"rendered":"<p><img fetchpriority=\"high\" decoding=\"async\" class=\"alignnone wp-image-5386 size-large\" src=\"https:\/\/luckyceramics.com\/wp-content\/uploads\/2026\/01\/IMG_4800-1-1024x693.jpg\" alt=\"\" width=\"800\" height=\"541\" srcset=\"https:\/\/luckyceramics.com\/wp-content\/uploads\/2026\/01\/IMG_4800-1-1024x693.jpg 1024w, https:\/\/luckyceramics.com\/wp-content\/uploads\/2026\/01\/IMG_4800-1-300x203.jpg 300w, https:\/\/luckyceramics.com\/wp-content\/uploads\/2026\/01\/IMG_4800-1-768x520.jpg 768w, https:\/\/luckyceramics.com\/wp-content\/uploads\/2026\/01\/IMG_4800-1-1536x1040.jpg 1536w, https:\/\/luckyceramics.com\/wp-content\/uploads\/2026\/01\/IMG_4800-1-2048x1387.jpg 2048w, https:\/\/luckyceramics.com\/wp-content\/uploads\/2026\/01\/IMG_4800-1-18x12.jpg 18w, https:\/\/luckyceramics.com\/wp-content\/uploads\/2026\/01\/IMG_4800-1-600x406.jpg 600w\" sizes=\"(max-width: 800px) 100vw, 800px\" \/> <img decoding=\"async\" class=\"alignnone wp-image-5387 size-large\" src=\"https:\/\/luckyceramics.com\/wp-content\/uploads\/2026\/01\/IMG_4801-1-1024x645.jpg\" alt=\"\" width=\"800\" height=\"504\" srcset=\"https:\/\/luckyceramics.com\/wp-content\/uploads\/2026\/01\/IMG_4801-1-1024x645.jpg 1024w, https:\/\/luckyceramics.com\/wp-content\/uploads\/2026\/01\/IMG_4801-1-300x189.jpg 300w, https:\/\/luckyceramics.com\/wp-content\/uploads\/2026\/01\/IMG_4801-1-768x484.jpg 768w, https:\/\/luckyceramics.com\/wp-content\/uploads\/2026\/01\/IMG_4801-1-1536x968.jpg 1536w, https:\/\/luckyceramics.com\/wp-content\/uploads\/2026\/01\/IMG_4801-1-2048x1290.jpg 2048w, https:\/\/luckyceramics.com\/wp-content\/uploads\/2026\/01\/IMG_4801-1-18x12.jpg 18w, https:\/\/luckyceramics.com\/wp-content\/uploads\/2026\/01\/IMG_4801-1-600x378.jpg 600w\" sizes=\"(max-width: 800px) 100vw, 800px\" \/> <img decoding=\"async\" class=\"alignnone wp-image-5389 size-large\" src=\"https:\/\/luckyceramics.com\/wp-content\/uploads\/2026\/01\/IMG_4803-1-1024x683.jpg\" alt=\"\" width=\"800\" height=\"534\" srcset=\"https:\/\/luckyceramics.com\/wp-content\/uploads\/2026\/01\/IMG_4803-1-1024x683.jpg 1024w, https:\/\/luckyceramics.com\/wp-content\/uploads\/2026\/01\/IMG_4803-1-300x200.jpg 300w, https:\/\/luckyceramics.com\/wp-content\/uploads\/2026\/01\/IMG_4803-1-768x512.jpg 768w, https:\/\/luckyceramics.com\/wp-content\/uploads\/2026\/01\/IMG_4803-1-1536x1024.jpg 1536w, https:\/\/luckyceramics.com\/wp-content\/uploads\/2026\/01\/IMG_4803-1-2048x1366.jpg 2048w, https:\/\/luckyceramics.com\/wp-content\/uploads\/2026\/01\/IMG_4803-1-18x12.jpg 18w, https:\/\/luckyceramics.com\/wp-content\/uploads\/2026\/01\/IMG_4803-1-600x400.jpg 600w\" sizes=\"(max-width: 800px) 100vw, 800px\" \/> <img loading=\"lazy\" decoding=\"async\" class=\"alignnone wp-image-5390 size-large\" src=\"https:\/\/luckyceramics.com\/wp-content\/uploads\/2026\/01\/IMG_4804-1-1024x667.jpg\" alt=\"\" width=\"800\" height=\"521\" srcset=\"https:\/\/luckyceramics.com\/wp-content\/uploads\/2026\/01\/IMG_4804-1-1024x667.jpg 1024w, https:\/\/luckyceramics.com\/wp-content\/uploads\/2026\/01\/IMG_4804-1-300x196.jpg 300w, https:\/\/luckyceramics.com\/wp-content\/uploads\/2026\/01\/IMG_4804-1-768x500.jpg 768w, https:\/\/luckyceramics.com\/wp-content\/uploads\/2026\/01\/IMG_4804-1-1536x1001.jpg 1536w, https:\/\/luckyceramics.com\/wp-content\/uploads\/2026\/01\/IMG_4804-1-2048x1335.jpg 2048w, https:\/\/luckyceramics.com\/wp-content\/uploads\/2026\/01\/IMG_4804-1-18x12.jpg 18w, https:\/\/luckyceramics.com\/wp-content\/uploads\/2026\/01\/IMG_4804-1-600x391.jpg 600w\" sizes=\"(max-width: 800px) 100vw, 800px\" \/> <img loading=\"lazy\" decoding=\"async\" class=\"alignnone wp-image-5388 size-large\" src=\"https:\/\/luckyceramics.com\/wp-content\/uploads\/2026\/01\/IMG_4802-1-1024x600.jpg\" alt=\"\" width=\"800\" height=\"469\" srcset=\"https:\/\/luckyceramics.com\/wp-content\/uploads\/2026\/01\/IMG_4802-1-1024x600.jpg 1024w, https:\/\/luckyceramics.com\/wp-content\/uploads\/2026\/01\/IMG_4802-1-300x176.jpg 300w, https:\/\/luckyceramics.com\/wp-content\/uploads\/2026\/01\/IMG_4802-1-768x450.jpg 768w, https:\/\/luckyceramics.com\/wp-content\/uploads\/2026\/01\/IMG_4802-1-1536x900.jpg 1536w, https:\/\/luckyceramics.com\/wp-content\/uploads\/2026\/01\/IMG_4802-1-2048x1199.jpg 2048w, https:\/\/luckyceramics.com\/wp-content\/uploads\/2026\/01\/IMG_4802-1-18x12.jpg 18w, https:\/\/luckyceramics.com\/wp-content\/uploads\/2026\/01\/IMG_4802-1-600x351.jpg 600w\" sizes=\"(max-width: 800px) 100vw, 800px\" \/><\/p>","protected":false},"excerpt":{"rendered":"<p>Produit : Vaisselle en c\u00e9ramique \u00e9maill\u00e9e r\u00e9active<\/p>\n<p>Mat\u00e9riau : Gr\u00e8s<\/p>\n<p>10.5\u2033 assiette \u00e0 d\u00eener : 27.3*1.8cm<\/p>\n<p>8.5\u2033 plaque lat\u00e9rale : 21.5*1.5cm<\/p>\n<p>8 \u201cbol : 20.5*4.5cm<\/p>\n<p>6\u2033Bol : 15.5*5.7cm<\/p>\n<p>tasse : 8.7*10.8cm<\/p>","protected":false},"featured_media":5388,"template":"","meta":[],"product_brand":[],"product_cat":[117,50,51],"product_tag":[],"class_list":{"0":"post-5023","1":"product","2":"type-product","3":"status-publish","4":"has-post-thumbnail","6":"product_cat-reactive-glazed","7":"product_cat-tableware","8":"product_cat-stoneware-dinnerware","10":"first","11":"instock","12":"shipping-taxable","13":"product-type-simple"},"_links":{"self":[{"href":"https:\/\/luckyceramics.com\/fr\/wp-json\/wp\/v2\/product\/5023","targetHints":{"allow":["GET"]}}],"collection":[{"href":"https:\/\/luckyceramics.com\/fr\/wp-json\/wp\/v2\/product"}],"about":[{"href":"https:\/\/luckyceramics.com\/fr\/wp-json\/wp\/v2\/types\/product"}],"version-history":[{"count":3,"href":"https:\/\/luckyceramics.com\/fr\/wp-json\/wp\/v2\/product\/5023\/revisions"}],"predecessor-version":[{"id":5392,"href":"https:\/\/luckyceramics.com\/fr\/wp-json\/wp\/v2\/product\/5023\/revisions\/5392"}],"wp:featuredmedia":[{"embeddable":true,"href":"https:\/\/luckyceramics.com\/fr\/wp-json\/wp\/v2\/media\/5388"}],"wp:attachment":[{"href":"https:\/\/luckyceramics.com\/fr\/wp-json\/wp\/v2\/media?parent=5023"}],"wp:term":[{"taxonomy":"product_brand","embeddable":true,"href":"https:\/\/luckyceramics.com\/fr\/wp-json\/wp\/v2\/product_brand?post=5023"},{"taxonomy":"product_cat","embeddable":true,"href":"https:\/\/luckyceramics.com\/fr\/wp-json\/wp\/v2\/product_cat?post=5023"},{"taxonomy":"product_tag","embeddable":true,"href":"https:\/\/luckyceramics.com\/fr\/wp-json\/wp\/v2\/product_tag?post=5023"}],"curies":[{"name":"wp","href":"https:\/\/api.w.org\/{rel}","templated":true}]}}