{"id":3174,"date":"2025-11-08T03:48:57","date_gmt":"2025-11-07T19:48:57","guid":{"rendered":"https:\/\/luckyceramics.com\/?post_type=product&#038;p=3174"},"modified":"2025-11-08T03:49:24","modified_gmt":"2025-11-07T19:49:24","slug":"lccg0007-ls-ustensiles-de-cuisine-en-ceramique-emaillee-coloree","status":"publish","type":"product","link":"https:\/\/luckyceramics.com\/fr\/product\/lccg0007-ls-color-glazed-ceramic-cookware\/","title":{"rendered":"LCCG0007-LS Batterie de cuisine en c\u00e9ramique \u00e9maill\u00e9e color\u00e9e"},"content":{"rendered":"<p><img fetchpriority=\"high\" decoding=\"async\" class=\"alignnone wp-image-3170 size-full\" src=\"https:\/\/luckyceramics.com\/wp-content\/uploads\/2025\/11\/LCCG0007-LS01.jpg\" alt=\"\" width=\"1280\" height=\"696\" srcset=\"https:\/\/luckyceramics.com\/wp-content\/uploads\/2025\/11\/LCCG0007-LS01.jpg 1280w, https:\/\/luckyceramics.com\/wp-content\/uploads\/2025\/11\/LCCG0007-LS01-300x163.jpg 300w, https:\/\/luckyceramics.com\/wp-content\/uploads\/2025\/11\/LCCG0007-LS01-1024x557.jpg 1024w, https:\/\/luckyceramics.com\/wp-content\/uploads\/2025\/11\/LCCG0007-LS01-768x418.jpg 768w, https:\/\/luckyceramics.com\/wp-content\/uploads\/2025\/11\/LCCG0007-LS01-600x326.jpg 600w\" sizes=\"(max-width: 1280px) 100vw, 1280px\" \/><\/p>","protected":false},"excerpt":{"rendered":"","protected":false},"featured_media":3170,"template":"","meta":[],"product_brand":[45],"product_cat":[42,43],"product_tag":[],"class_list":{"0":"post-3174","1":"product","2":"type-product","3":"status-publish","4":"has-post-thumbnail","6":"product_brand-luckyceramics","7":"product_cat-cookware","8":"product_cat-stoneware","9":"pa_finishing-color-glazed","11":"first","12":"instock","13":"shipping-taxable","14":"product-type-simple"},"_links":{"self":[{"href":"https:\/\/luckyceramics.com\/fr\/wp-json\/wp\/v2\/product\/3174","targetHints":{"allow":["GET"]}}],"collection":[{"href":"https:\/\/luckyceramics.com\/fr\/wp-json\/wp\/v2\/product"}],"about":[{"href":"https:\/\/luckyceramics.com\/fr\/wp-json\/wp\/v2\/types\/product"}],"version-history":[{"count":1,"href":"https:\/\/luckyceramics.com\/fr\/wp-json\/wp\/v2\/product\/3174\/revisions"}],"predecessor-version":[{"id":3175,"href":"https:\/\/luckyceramics.com\/fr\/wp-json\/wp\/v2\/product\/3174\/revisions\/3175"}],"wp:featuredmedia":[{"embeddable":true,"href":"https:\/\/luckyceramics.com\/fr\/wp-json\/wp\/v2\/media\/3170"}],"wp:attachment":[{"href":"https:\/\/luckyceramics.com\/fr\/wp-json\/wp\/v2\/media?parent=3174"}],"wp:term":[{"taxonomy":"product_brand","embeddable":true,"href":"https:\/\/luckyceramics.com\/fr\/wp-json\/wp\/v2\/product_brand?post=3174"},{"taxonomy":"product_cat","embeddable":true,"href":"https:\/\/luckyceramics.com\/fr\/wp-json\/wp\/v2\/product_cat?post=3174"},{"taxonomy":"product_tag","embeddable":true,"href":"https:\/\/luckyceramics.com\/fr\/wp-json\/wp\/v2\/product_tag?post=3174"}],"curies":[{"name":"wp","href":"https:\/\/api.w.org\/{rel}","templated":true}]}}