{"id":3154,"date":"2025-11-08T03:32:03","date_gmt":"2025-11-07T19:32:03","guid":{"rendered":"https:\/\/luckyceramics.com\/?post_type=product&#038;p=3154"},"modified":"2025-11-08T03:32:44","modified_gmt":"2025-11-07T19:32:44","slug":"lcrg0112-tasse-en-ceramique-avec-glacure-reactive-cq","status":"publish","type":"product","link":"https:\/\/luckyceramics.com\/fr\/product\/lcrg0112-cq-reactive-glaze-ceramic-mug-cup\/","title":{"rendered":"LCRG0112-CQ Tasse en c\u00e9ramique \u00e0 gla\u00e7ure r\u00e9active"},"content":{"rendered":"<p><img fetchpriority=\"high\" decoding=\"async\" class=\"alignnone wp-image-3130 size-full\" src=\"https:\/\/luckyceramics.com\/wp-content\/uploads\/2025\/11\/LCRG0112-CQ01.jpg\" alt=\"\" width=\"603\" height=\"225\" srcset=\"https:\/\/luckyceramics.com\/wp-content\/uploads\/2025\/11\/LCRG0112-CQ01.jpg 603w, https:\/\/luckyceramics.com\/wp-content\/uploads\/2025\/11\/LCRG0112-CQ01-300x112.jpg 300w, https:\/\/luckyceramics.com\/wp-content\/uploads\/2025\/11\/LCRG0112-CQ01-600x224.jpg 600w\" sizes=\"(max-width: 603px) 100vw, 603px\" \/><\/p>","protected":false},"excerpt":{"rendered":"","protected":false},"featured_media":3130,"template":"","meta":[],"product_brand":[45],"product_cat":[50,51,55],"product_tag":[],"class_list":{"0":"post-3154","1":"product","2":"type-product","3":"status-publish","4":"has-post-thumbnail","6":"product_brand-luckyceramics","7":"product_cat-tableware","8":"product_cat-stoneware-dinnerware","9":"product_cat-cups-mugs","10":"pa_finishing-reactive-glaze","12":"first","13":"instock","14":"shipping-taxable","15":"product-type-simple"},"_links":{"self":[{"href":"https:\/\/luckyceramics.com\/fr\/wp-json\/wp\/v2\/product\/3154","targetHints":{"allow":["GET"]}}],"collection":[{"href":"https:\/\/luckyceramics.com\/fr\/wp-json\/wp\/v2\/product"}],"about":[{"href":"https:\/\/luckyceramics.com\/fr\/wp-json\/wp\/v2\/types\/product"}],"version-history":[{"count":1,"href":"https:\/\/luckyceramics.com\/fr\/wp-json\/wp\/v2\/product\/3154\/revisions"}],"predecessor-version":[{"id":3155,"href":"https:\/\/luckyceramics.com\/fr\/wp-json\/wp\/v2\/product\/3154\/revisions\/3155"}],"wp:featuredmedia":[{"embeddable":true,"href":"https:\/\/luckyceramics.com\/fr\/wp-json\/wp\/v2\/media\/3130"}],"wp:attachment":[{"href":"https:\/\/luckyceramics.com\/fr\/wp-json\/wp\/v2\/media?parent=3154"}],"wp:term":[{"taxonomy":"product_brand","embeddable":true,"href":"https:\/\/luckyceramics.com\/fr\/wp-json\/wp\/v2\/product_brand?post=3154"},{"taxonomy":"product_cat","embeddable":true,"href":"https:\/\/luckyceramics.com\/fr\/wp-json\/wp\/v2\/product_cat?post=3154"},{"taxonomy":"product_tag","embeddable":true,"href":"https:\/\/luckyceramics.com\/fr\/wp-json\/wp\/v2\/product_tag?post=3154"}],"curies":[{"name":"wp","href":"https:\/\/api.w.org\/{rel}","templated":true}]}}