{"id":3138,"date":"2025-11-08T03:23:44","date_gmt":"2025-11-07T19:23:44","guid":{"rendered":"https:\/\/luckyceramics.com\/?post_type=product&#038;p=3138"},"modified":"2025-11-08T03:24:41","modified_gmt":"2025-11-07T19:24:41","slug":"lcrg0103-cq-reactive-glaze-ceramic-tableware-sets","status":"publish","type":"product","link":"https:\/\/luckyceramics.com\/fr\/product\/lcrg0103-cq-reactive-glaze-ceramic-tableware-sets\/","title":{"rendered":"LCRG0103-CQ Ensembles de vaisselle en c\u00e9ramique \u00e0 gla\u00e7ure r\u00e9active"},"content":{"rendered":"<p><img fetchpriority=\"high\" decoding=\"async\" class=\"alignnone wp-image-3134 size-full\" src=\"https:\/\/luckyceramics.com\/wp-content\/uploads\/2025\/11\/LCRG0103-CQ01.jpg\" alt=\"\" width=\"671\" height=\"461\" srcset=\"https:\/\/luckyceramics.com\/wp-content\/uploads\/2025\/11\/LCRG0103-CQ01.jpg 671w, https:\/\/luckyceramics.com\/wp-content\/uploads\/2025\/11\/LCRG0103-CQ01-300x206.jpg 300w, https:\/\/luckyceramics.com\/wp-content\/uploads\/2025\/11\/LCRG0103-CQ01-600x412.jpg 600w\" sizes=\"(max-width: 671px) 100vw, 671px\" \/> <img decoding=\"async\" class=\"alignnone wp-image-3135 size-full\" src=\"https:\/\/luckyceramics.com\/wp-content\/uploads\/2025\/11\/LCRG0104-CQ01.jpg\" alt=\"\" width=\"574\" height=\"447\" srcset=\"https:\/\/luckyceramics.com\/wp-content\/uploads\/2025\/11\/LCRG0104-CQ01.jpg 574w, https:\/\/luckyceramics.com\/wp-content\/uploads\/2025\/11\/LCRG0104-CQ01-300x234.jpg 300w\" sizes=\"(max-width: 574px) 100vw, 574px\" \/><\/p>","protected":false},"excerpt":{"rendered":"","protected":false},"featured_media":3134,"template":"","meta":[],"product_brand":[45],"product_cat":[50,51],"product_tag":[],"class_list":{"0":"post-3138","1":"product","2":"type-product","3":"status-publish","4":"has-post-thumbnail","6":"product_brand-luckyceramics","7":"product_cat-tableware","8":"product_cat-stoneware-dinnerware","9":"pa_finishing-reactive-glaze","11":"first","12":"instock","13":"shipping-taxable","14":"product-type-simple"},"_links":{"self":[{"href":"https:\/\/luckyceramics.com\/fr\/wp-json\/wp\/v2\/product\/3138","targetHints":{"allow":["GET"]}}],"collection":[{"href":"https:\/\/luckyceramics.com\/fr\/wp-json\/wp\/v2\/product"}],"about":[{"href":"https:\/\/luckyceramics.com\/fr\/wp-json\/wp\/v2\/types\/product"}],"version-history":[{"count":1,"href":"https:\/\/luckyceramics.com\/fr\/wp-json\/wp\/v2\/product\/3138\/revisions"}],"predecessor-version":[{"id":3139,"href":"https:\/\/luckyceramics.com\/fr\/wp-json\/wp\/v2\/product\/3138\/revisions\/3139"}],"wp:featuredmedia":[{"embeddable":true,"href":"https:\/\/luckyceramics.com\/fr\/wp-json\/wp\/v2\/media\/3134"}],"wp:attachment":[{"href":"https:\/\/luckyceramics.com\/fr\/wp-json\/wp\/v2\/media?parent=3138"}],"wp:term":[{"taxonomy":"product_brand","embeddable":true,"href":"https:\/\/luckyceramics.com\/fr\/wp-json\/wp\/v2\/product_brand?post=3138"},{"taxonomy":"product_cat","embeddable":true,"href":"https:\/\/luckyceramics.com\/fr\/wp-json\/wp\/v2\/product_cat?post=3138"},{"taxonomy":"product_tag","embeddable":true,"href":"https:\/\/luckyceramics.com\/fr\/wp-json\/wp\/v2\/product_tag?post=3138"}],"curies":[{"name":"wp","href":"https:\/\/api.w.org\/{rel}","templated":true}]}}