{"id":3123,"date":"2025-11-08T03:20:12","date_gmt":"2025-11-07T19:20:12","guid":{"rendered":"https:\/\/luckyceramics.com\/?post_type=product&#038;p=3123"},"modified":"2025-11-08T03:23:23","modified_gmt":"2025-11-07T19:23:23","slug":"lcrg0099-sets-de-table-en-ceramique-a-glacure-reactive-cq","status":"publish","type":"product","link":"https:\/\/luckyceramics.com\/fr\/product\/lcrg0099-cq-reactive-glaze-ceramic-tableware-sets\/","title":{"rendered":"LCRG0099-CQ Ensembles de vaisselle en c\u00e9ramique \u00e0 gla\u00e7ure r\u00e9active"},"content":{"rendered":"<p><img fetchpriority=\"high\" decoding=\"async\" class=\"alignnone wp-image-3049 size-full\" src=\"https:\/\/luckyceramics.com\/wp-content\/uploads\/2025\/11\/LCRG0099-CQ01.jpg\" alt=\"\" width=\"791\" height=\"410\" srcset=\"https:\/\/luckyceramics.com\/wp-content\/uploads\/2025\/11\/LCRG0099-CQ01.jpg 791w, https:\/\/luckyceramics.com\/wp-content\/uploads\/2025\/11\/LCRG0099-CQ01-300x155.jpg 300w, https:\/\/luckyceramics.com\/wp-content\/uploads\/2025\/11\/LCRG0099-CQ01-768x398.jpg 768w, https:\/\/luckyceramics.com\/wp-content\/uploads\/2025\/11\/LCRG0099-CQ01-600x311.jpg 600w\" sizes=\"(max-width: 791px) 100vw, 791px\" \/> <img decoding=\"async\" class=\"alignnone wp-image-3050 size-full\" src=\"https:\/\/luckyceramics.com\/wp-content\/uploads\/2025\/11\/LCRG0100-CQ01.jpg\" alt=\"\" width=\"580\" height=\"387\" srcset=\"https:\/\/luckyceramics.com\/wp-content\/uploads\/2025\/11\/LCRG0100-CQ01.jpg 580w, https:\/\/luckyceramics.com\/wp-content\/uploads\/2025\/11\/LCRG0100-CQ01-300x200.jpg 300w\" sizes=\"(max-width: 580px) 100vw, 580px\" \/> <img decoding=\"async\" class=\"alignnone wp-image-3132 size-full\" src=\"https:\/\/luckyceramics.com\/wp-content\/uploads\/2025\/11\/LCRG0101-CQ01.jpg\" alt=\"\" width=\"699\" height=\"467\" srcset=\"https:\/\/luckyceramics.com\/wp-content\/uploads\/2025\/11\/LCRG0101-CQ01.jpg 699w, https:\/\/luckyceramics.com\/wp-content\/uploads\/2025\/11\/LCRG0101-CQ01-300x200.jpg 300w, https:\/\/luckyceramics.com\/wp-content\/uploads\/2025\/11\/LCRG0101-CQ01-600x401.jpg 600w\" sizes=\"(max-width: 699px) 100vw, 699px\" \/> <img loading=\"lazy\" decoding=\"async\" class=\"alignnone wp-image-3133 size-full\" src=\"https:\/\/luckyceramics.com\/wp-content\/uploads\/2025\/11\/LCRG0102-CQ01.jpg\" alt=\"\" width=\"665\" height=\"431\" srcset=\"https:\/\/luckyceramics.com\/wp-content\/uploads\/2025\/11\/LCRG0102-CQ01.jpg 665w, https:\/\/luckyceramics.com\/wp-content\/uploads\/2025\/11\/LCRG0102-CQ01-300x194.jpg 300w, https:\/\/luckyceramics.com\/wp-content\/uploads\/2025\/11\/LCRG0102-CQ01-600x389.jpg 600w\" sizes=\"(max-width: 665px) 100vw, 665px\" \/><\/p>","protected":false},"excerpt":{"rendered":"","protected":false},"featured_media":3049,"template":"","meta":[],"product_brand":[45],"product_cat":[50,51],"product_tag":[],"class_list":{"0":"post-3123","1":"product","2":"type-product","3":"status-publish","4":"has-post-thumbnail","6":"product_brand-luckyceramics","7":"product_cat-tableware","8":"product_cat-stoneware-dinnerware","9":"pa_finishing-reactive-glaze","11":"first","12":"instock","13":"shipping-taxable","14":"product-type-simple"},"_links":{"self":[{"href":"https:\/\/luckyceramics.com\/fr\/wp-json\/wp\/v2\/product\/3123","targetHints":{"allow":["GET"]}}],"collection":[{"href":"https:\/\/luckyceramics.com\/fr\/wp-json\/wp\/v2\/product"}],"about":[{"href":"https:\/\/luckyceramics.com\/fr\/wp-json\/wp\/v2\/types\/product"}],"version-history":[{"count":1,"href":"https:\/\/luckyceramics.com\/fr\/wp-json\/wp\/v2\/product\/3123\/revisions"}],"predecessor-version":[{"id":3137,"href":"https:\/\/luckyceramics.com\/fr\/wp-json\/wp\/v2\/product\/3123\/revisions\/3137"}],"wp:featuredmedia":[{"embeddable":true,"href":"https:\/\/luckyceramics.com\/fr\/wp-json\/wp\/v2\/media\/3049"}],"wp:attachment":[{"href":"https:\/\/luckyceramics.com\/fr\/wp-json\/wp\/v2\/media?parent=3123"}],"wp:term":[{"taxonomy":"product_brand","embeddable":true,"href":"https:\/\/luckyceramics.com\/fr\/wp-json\/wp\/v2\/product_brand?post=3123"},{"taxonomy":"product_cat","embeddable":true,"href":"https:\/\/luckyceramics.com\/fr\/wp-json\/wp\/v2\/product_cat?post=3123"},{"taxonomy":"product_tag","embeddable":true,"href":"https:\/\/luckyceramics.com\/fr\/wp-json\/wp\/v2\/product_tag?post=3123"}],"curies":[{"name":"wp","href":"https:\/\/api.w.org\/{rel}","templated":true}]}}