{"id":3111,"date":"2025-11-08T03:12:15","date_gmt":"2025-11-07T19:12:15","guid":{"rendered":"https:\/\/luckyceramics.com\/?post_type=product&#038;p=3111"},"modified":"2025-11-08T03:13:18","modified_gmt":"2025-11-07T19:13:18","slug":"lcrg0089-cq-reactive-glaze-ceramic-tableware-sets","status":"publish","type":"product","link":"https:\/\/luckyceramics.com\/fr\/product\/lcrg0089-cq-reactive-glaze-ceramic-tableware-sets\/","title":{"rendered":"LCRG0089-CQ Ensembles de vaisselle en c\u00e9ramique \u00e0 gla\u00e7ure r\u00e9active"},"content":{"rendered":"<p><img fetchpriority=\"high\" decoding=\"async\" class=\"alignnone wp-image-3039 size-full\" src=\"https:\/\/luckyceramics.com\/wp-content\/uploads\/2025\/11\/LCRG0089-CQ01.jpg\" alt=\"\" width=\"798\" height=\"437\" srcset=\"https:\/\/luckyceramics.com\/wp-content\/uploads\/2025\/11\/LCRG0089-CQ01.jpg 798w, https:\/\/luckyceramics.com\/wp-content\/uploads\/2025\/11\/LCRG0089-CQ01-300x164.jpg 300w, https:\/\/luckyceramics.com\/wp-content\/uploads\/2025\/11\/LCRG0089-CQ01-768x421.jpg 768w, https:\/\/luckyceramics.com\/wp-content\/uploads\/2025\/11\/LCRG0089-CQ01-600x329.jpg 600w\" sizes=\"(max-width: 798px) 100vw, 798px\" \/> <img decoding=\"async\" class=\"alignnone wp-image-3040 size-full\" src=\"https:\/\/luckyceramics.com\/wp-content\/uploads\/2025\/11\/LCRG0090-CQ01.jpg\" alt=\"\" width=\"579\" height=\"310\" srcset=\"https:\/\/luckyceramics.com\/wp-content\/uploads\/2025\/11\/LCRG0090-CQ01.jpg 579w, https:\/\/luckyceramics.com\/wp-content\/uploads\/2025\/11\/LCRG0090-CQ01-300x161.jpg 300w\" sizes=\"(max-width: 579px) 100vw, 579px\" \/><\/p>","protected":false},"excerpt":{"rendered":"","protected":false},"featured_media":3039,"template":"","meta":[],"product_brand":[45],"product_cat":[50,51],"product_tag":[],"class_list":{"0":"post-3111","1":"product","2":"type-product","3":"status-publish","4":"has-post-thumbnail","6":"product_brand-luckyceramics","7":"product_cat-tableware","8":"product_cat-stoneware-dinnerware","9":"pa_finishing-reactive-glaze","11":"first","12":"instock","13":"shipping-taxable","14":"product-type-simple"},"_links":{"self":[{"href":"https:\/\/luckyceramics.com\/fr\/wp-json\/wp\/v2\/product\/3111","targetHints":{"allow":["GET"]}}],"collection":[{"href":"https:\/\/luckyceramics.com\/fr\/wp-json\/wp\/v2\/product"}],"about":[{"href":"https:\/\/luckyceramics.com\/fr\/wp-json\/wp\/v2\/types\/product"}],"version-history":[{"count":1,"href":"https:\/\/luckyceramics.com\/fr\/wp-json\/wp\/v2\/product\/3111\/revisions"}],"predecessor-version":[{"id":3112,"href":"https:\/\/luckyceramics.com\/fr\/wp-json\/wp\/v2\/product\/3111\/revisions\/3112"}],"wp:featuredmedia":[{"embeddable":true,"href":"https:\/\/luckyceramics.com\/fr\/wp-json\/wp\/v2\/media\/3039"}],"wp:attachment":[{"href":"https:\/\/luckyceramics.com\/fr\/wp-json\/wp\/v2\/media?parent=3111"}],"wp:term":[{"taxonomy":"product_brand","embeddable":true,"href":"https:\/\/luckyceramics.com\/fr\/wp-json\/wp\/v2\/product_brand?post=3111"},{"taxonomy":"product_cat","embeddable":true,"href":"https:\/\/luckyceramics.com\/fr\/wp-json\/wp\/v2\/product_cat?post=3111"},{"taxonomy":"product_tag","embeddable":true,"href":"https:\/\/luckyceramics.com\/fr\/wp-json\/wp\/v2\/product_tag?post=3111"}],"curies":[{"name":"wp","href":"https:\/\/api.w.org\/{rel}","templated":true}]}}