{"id":3065,"date":"2025-11-08T02:51:15","date_gmt":"2025-11-07T18:51:15","guid":{"rendered":"https:\/\/luckyceramics.com\/?post_type=product&#038;p=3065"},"modified":"2025-11-08T02:51:41","modified_gmt":"2025-11-07T18:51:41","slug":"lcrg0065-set-de-vaisselle-en-ceramique-a-glacure-reactive-cq","status":"publish","type":"product","link":"https:\/\/luckyceramics.com\/fr\/product\/lcrg0065-cq-reactive-glaze-ceramic-tableware-sets\/","title":{"rendered":"LCRG0065-CQ Ensembles de vaisselle en c\u00e9ramique \u00e0 gla\u00e7ure r\u00e9active"},"content":{"rendered":"<p><img fetchpriority=\"high\" decoding=\"async\" class=\"alignnone wp-image-3055 size-full\" src=\"https:\/\/luckyceramics.com\/wp-content\/uploads\/2025\/11\/LCRG0065-CQ01.jpg\" alt=\"\" width=\"1203\" height=\"661\" srcset=\"https:\/\/luckyceramics.com\/wp-content\/uploads\/2025\/11\/LCRG0065-CQ01.jpg 1203w, https:\/\/luckyceramics.com\/wp-content\/uploads\/2025\/11\/LCRG0065-CQ01-300x165.jpg 300w, https:\/\/luckyceramics.com\/wp-content\/uploads\/2025\/11\/LCRG0065-CQ01-1024x563.jpg 1024w, https:\/\/luckyceramics.com\/wp-content\/uploads\/2025\/11\/LCRG0065-CQ01-768x422.jpg 768w, https:\/\/luckyceramics.com\/wp-content\/uploads\/2025\/11\/LCRG0065-CQ01-600x330.jpg 600w\" sizes=\"(max-width: 1203px) 100vw, 1203px\" \/><\/p>","protected":false},"excerpt":{"rendered":"","protected":false},"featured_media":3055,"template":"","meta":[],"product_brand":[45],"product_cat":[50,51],"product_tag":[],"class_list":{"0":"post-3065","1":"product","2":"type-product","3":"status-publish","4":"has-post-thumbnail","6":"product_brand-luckyceramics","7":"product_cat-tableware","8":"product_cat-stoneware-dinnerware","9":"pa_finishing-reactive-glaze","11":"first","12":"instock","13":"shipping-taxable","14":"product-type-simple"},"_links":{"self":[{"href":"https:\/\/luckyceramics.com\/fr\/wp-json\/wp\/v2\/product\/3065","targetHints":{"allow":["GET"]}}],"collection":[{"href":"https:\/\/luckyceramics.com\/fr\/wp-json\/wp\/v2\/product"}],"about":[{"href":"https:\/\/luckyceramics.com\/fr\/wp-json\/wp\/v2\/types\/product"}],"version-history":[{"count":1,"href":"https:\/\/luckyceramics.com\/fr\/wp-json\/wp\/v2\/product\/3065\/revisions"}],"predecessor-version":[{"id":3066,"href":"https:\/\/luckyceramics.com\/fr\/wp-json\/wp\/v2\/product\/3065\/revisions\/3066"}],"wp:featuredmedia":[{"embeddable":true,"href":"https:\/\/luckyceramics.com\/fr\/wp-json\/wp\/v2\/media\/3055"}],"wp:attachment":[{"href":"https:\/\/luckyceramics.com\/fr\/wp-json\/wp\/v2\/media?parent=3065"}],"wp:term":[{"taxonomy":"product_brand","embeddable":true,"href":"https:\/\/luckyceramics.com\/fr\/wp-json\/wp\/v2\/product_brand?post=3065"},{"taxonomy":"product_cat","embeddable":true,"href":"https:\/\/luckyceramics.com\/fr\/wp-json\/wp\/v2\/product_cat?post=3065"},{"taxonomy":"product_tag","embeddable":true,"href":"https:\/\/luckyceramics.com\/fr\/wp-json\/wp\/v2\/product_tag?post=3065"}],"curies":[{"name":"wp","href":"https:\/\/api.w.org\/{rel}","templated":true}]}}