{"id":2761,"date":"2025-11-07T19:38:47","date_gmt":"2025-11-07T11:38:47","guid":{"rendered":"https:\/\/luckyceramics.com\/?post_type=product&#038;p=2761"},"modified":"2025-11-08T04:30:22","modified_gmt":"2025-11-07T20:30:22","slug":"lccgp0003-services-de-table-en-porcelaine-coloree","status":"publish","type":"product","link":"https:\/\/luckyceramics.com\/fr\/product\/lccgp0003-color-glaze-porcelain-tableware-sets\/","title":{"rendered":"LCCGP0003 Set de vaisselle en porcelaine \u00e0 gla\u00e7ure color\u00e9e"},"content":{"rendered":"<p><img fetchpriority=\"high\" decoding=\"async\" class=\"alignnone wp-image-3219 size-full\" src=\"https:\/\/luckyceramics.com\/wp-content\/uploads\/2025\/11\/LCCGP0003-02.jpg\" alt=\"\" width=\"1280\" height=\"868\" srcset=\"https:\/\/luckyceramics.com\/wp-content\/uploads\/2025\/11\/LCCGP0003-02.jpg 1280w, https:\/\/luckyceramics.com\/wp-content\/uploads\/2025\/11\/LCCGP0003-02-300x203.jpg 300w, https:\/\/luckyceramics.com\/wp-content\/uploads\/2025\/11\/LCCGP0003-02-1024x694.jpg 1024w, https:\/\/luckyceramics.com\/wp-content\/uploads\/2025\/11\/LCCGP0003-02-768x521.jpg 768w, https:\/\/luckyceramics.com\/wp-content\/uploads\/2025\/11\/LCCGP0003-02-600x407.jpg 600w\" sizes=\"(max-width: 1280px) 100vw, 1280px\" \/> <img decoding=\"async\" class=\"alignnone wp-image-3220 size-full\" src=\"https:\/\/luckyceramics.com\/wp-content\/uploads\/2025\/11\/LCCGP0003-03.jpg\" alt=\"\" width=\"1280\" height=\"868\" srcset=\"https:\/\/luckyceramics.com\/wp-content\/uploads\/2025\/11\/LCCGP0003-03.jpg 1280w, https:\/\/luckyceramics.com\/wp-content\/uploads\/2025\/11\/LCCGP0003-03-300x203.jpg 300w, https:\/\/luckyceramics.com\/wp-content\/uploads\/2025\/11\/LCCGP0003-03-1024x694.jpg 1024w, https:\/\/luckyceramics.com\/wp-content\/uploads\/2025\/11\/LCCGP0003-03-768x521.jpg 768w, https:\/\/luckyceramics.com\/wp-content\/uploads\/2025\/11\/LCCGP0003-03-600x407.jpg 600w\" sizes=\"(max-width: 1280px) 100vw, 1280px\" \/><\/p>","protected":false},"excerpt":{"rendered":"<p>Color Glaze Porcelain associe notre \u00e9mail sp\u00e9cialement con\u00e7u \u00e0 une porcelaine durable, cuite deux fois \u00e0 haute temp\u00e9rature pour obtenir un remarquable jeu de couleurs et de textures.Inspir\u00e9e par des motifs naturels, chaque pi\u00e8ce ajoute une touche artistique et moderne \u00e0 n'importe quelle table, ce qui est parfait pour les h\u00f4tels et les restaurants qui souhaitent se d\u00e9marquer.\u00c9levez votre service avec Color Glaze Porcelain pour un moment inoubliable et unique.<\/p>","protected":false},"featured_media":3218,"template":"","meta":[],"product_brand":[],"product_cat":[50,52],"product_tag":[],"class_list":{"0":"post-2761","1":"product","2":"type-product","3":"status-publish","4":"has-post-thumbnail","6":"product_cat-tableware","7":"product_cat-porcelain-dinnerware","8":"pa_finishing-color-glaze-porcelain","10":"first","11":"instock","12":"shipping-taxable","13":"product-type-simple"},"_links":{"self":[{"href":"https:\/\/luckyceramics.com\/fr\/wp-json\/wp\/v2\/product\/2761","targetHints":{"allow":["GET"]}}],"collection":[{"href":"https:\/\/luckyceramics.com\/fr\/wp-json\/wp\/v2\/product"}],"about":[{"href":"https:\/\/luckyceramics.com\/fr\/wp-json\/wp\/v2\/types\/product"}],"version-history":[{"count":2,"href":"https:\/\/luckyceramics.com\/fr\/wp-json\/wp\/v2\/product\/2761\/revisions"}],"predecessor-version":[{"id":3221,"href":"https:\/\/luckyceramics.com\/fr\/wp-json\/wp\/v2\/product\/2761\/revisions\/3221"}],"wp:featuredmedia":[{"embeddable":true,"href":"https:\/\/luckyceramics.com\/fr\/wp-json\/wp\/v2\/media\/3218"}],"wp:attachment":[{"href":"https:\/\/luckyceramics.com\/fr\/wp-json\/wp\/v2\/media?parent=2761"}],"wp:term":[{"taxonomy":"product_brand","embeddable":true,"href":"https:\/\/luckyceramics.com\/fr\/wp-json\/wp\/v2\/product_brand?post=2761"},{"taxonomy":"product_cat","embeddable":true,"href":"https:\/\/luckyceramics.com\/fr\/wp-json\/wp\/v2\/product_cat?post=2761"},{"taxonomy":"product_tag","embeddable":true,"href":"https:\/\/luckyceramics.com\/fr\/wp-json\/wp\/v2\/product_tag?post=2761"}],"curies":[{"name":"wp","href":"https:\/\/api.w.org\/{rel}","templated":true}]}}