{"id":4500,"date":"2025-12-30T11:56:02","date_gmt":"2025-12-30T03:56:02","guid":{"rendered":"https:\/\/luckyceramics.com\/?post_type=product&#038;p=4500"},"modified":"2025-12-31T14:34:40","modified_gmt":"2025-12-31T06:34:40","slug":"lcpp0016-hs-tampografia-ceramica-vajilla","status":"publish","type":"product","link":"https:\/\/luckyceramics.com\/es\/product\/lcpp0016-hs-pad-printing-ceramic-tableware\/","title":{"rendered":"LCPP0020-HS Vajilla de cer\u00e1mica con tampograf\u00eda"},"content":{"rendered":"<p>Tampograf\u00eda monocolor<\/p>","protected":false},"excerpt":{"rendered":"<p>Tampograf\u00eda monocolor<\/p>","protected":false},"featured_media":4501,"template":"","meta":[],"product_brand":[],"product_cat":[116,50,52],"product_tag":[],"class_list":{"0":"post-4500","1":"product","2":"type-product","3":"status-publish","4":"has-post-thumbnail","6":"product_cat-pad-printing","7":"product_cat-tableware","8":"product_cat-porcelain-dinnerware","10":"first","11":"instock","12":"shipping-taxable","13":"product-type-simple"},"_links":{"self":[{"href":"https:\/\/luckyceramics.com\/es\/wp-json\/wp\/v2\/product\/4500","targetHints":{"allow":["GET"]}}],"collection":[{"href":"https:\/\/luckyceramics.com\/es\/wp-json\/wp\/v2\/product"}],"about":[{"href":"https:\/\/luckyceramics.com\/es\/wp-json\/wp\/v2\/types\/product"}],"version-history":[{"count":3,"href":"https:\/\/luckyceramics.com\/es\/wp-json\/wp\/v2\/product\/4500\/revisions"}],"predecessor-version":[{"id":4910,"href":"https:\/\/luckyceramics.com\/es\/wp-json\/wp\/v2\/product\/4500\/revisions\/4910"}],"wp:featuredmedia":[{"embeddable":true,"href":"https:\/\/luckyceramics.com\/es\/wp-json\/wp\/v2\/media\/4501"}],"wp:attachment":[{"href":"https:\/\/luckyceramics.com\/es\/wp-json\/wp\/v2\/media?parent=4500"}],"wp:term":[{"taxonomy":"product_brand","embeddable":true,"href":"https:\/\/luckyceramics.com\/es\/wp-json\/wp\/v2\/product_brand?post=4500"},{"taxonomy":"product_cat","embeddable":true,"href":"https:\/\/luckyceramics.com\/es\/wp-json\/wp\/v2\/product_cat?post=4500"},{"taxonomy":"product_tag","embeddable":true,"href":"https:\/\/luckyceramics.com\/es\/wp-json\/wp\/v2\/product_tag?post=4500"}],"curies":[{"name":"wp","href":"https:\/\/api.w.org\/{rel}","templated":true}]}}